{"id":4773,"date":"2025-11-14T16:44:48","date_gmt":"2025-11-14T15:44:48","guid":{"rendered":"https:\/\/codemodels.ai\/uvjeti-i-odredbe\/"},"modified":"2026-04-11T13:23:53","modified_gmt":"2026-04-11T11:23:53","slug":"uvjeti-i-odredbe","status":"publish","type":"page","link":"https:\/\/codemodels.ai\/hr\/uvjeti-i-odredbe\/","title":{"rendered":"Uvjeti i odredbe"},"content":{"rendered":"\t\t<div data-elementor-type=\"wp-page\" data-elementor-id=\"4773\" class=\"elementor elementor-4773 elementor-3885\" data-elementor-post-type=\"page\">\n\t\t\t\t<div class=\"elementor-element elementor-element-71c2e0f4 e-flex e-con-boxed e-con e-parent\" data-id=\"71c2e0f4\" data-element_type=\"container\" data-e-type=\"container\">\n\t\t\t\t\t<div class=\"e-con-inner\">\n\t\t\t\t<div class=\"elementor-element elementor-element-5cbd5dc6 elementor-widget elementor-widget-heading\" data-id=\"5cbd5dc6\" data-element_type=\"widget\" data-e-type=\"widget\" data-widget_type=\"heading.default\">\n\t\t\t\t\t<h2 class=\"elementor-heading-title elementor-size-default\">Uvjeti i odredbe<\/h2>\t\t\t\t<\/div>\n\t\t\t\t<div class=\"elementor-element elementor-element-3b16d98f elementor-widget elementor-widget-text-editor\" data-id=\"3b16d98f\" data-element_type=\"widget\" data-e-type=\"widget\" data-widget_type=\"text-editor.default\">\n\t\t\t\t\t\t\t\t\t<p>Zadnje a\u017eurirano: 07. rujna 2025.<\/p><p>Molimo Vas da pa\u017eljivo pro\u010ditate ove uvjete i odredbe prije kori\u0161tenja Na\u0161e Usluge.<\/p><p>Tuma\u010denje i definicije<br>Tuma\u010denje<br>Rije\u010di \u010dije je po\u010detno slovo kapitalizirano imaju zna\u010denja definirana pod sljede\u0107im uvjetima. Sljede\u0107e definicije imat \u0107e isto zna\u010denje bez obzira pojavljuju li se u jednini ili mno\u017eini. <\/p><p>Definicije<br>Za potrebe ovih Uvjeta i odredbi:<\/p><p>Povezano dru\u0161tvo zna\u010di subjekt koji kontrolira, koji je kontroliran ili je pod zajedni\u010dkom kontrolom s nekom strankom, pri \u010demu \u201ekontrola\u201c zna\u010di vlasni\u0161tvo nad 50% ili vi\u0161e dionica, udjela u kapitalu ili drugih vrijednosnih papira s pravom glasa za izbor direktora ili drugog upravlja\u010dkog tijela.<\/p><p>Zemlja se odnosi na: Hrvatsku<\/p><p>Tvrtka (u ovom Ugovoru nazivana \u201eTvrtka\u201c, \u201eMi\u201c, \u201eNas\u201c ili \u201eNa\u0161\u201c) odnosi se na CodeModels.<\/p><p>Ure\u0111aj zna\u010di bilo koji ure\u0111aj koji mo\u017ee pristupiti Usluzi, kao \u0161to je ra\u010dunalo, mobilni telefon ili digitalni tablet.<\/p><p>Usluga se odnosi na Web stranicu.<\/p><p>Uvjeti i odredbe (tako\u0111er nazvani \u201eUvjeti\u201c) zna\u010de ove Uvjete i odredbe koji \u010dine cjelokupni ugovor izme\u0111u Vas i Tvrtke u vezi s kori\u0161tenjem Usluge. Ovaj ugovor o Uvjetima i odredbama izra\u0111en je uz pomo\u0107 Generatora uvjeta i odredbi. <\/p><p>Usluga dru\u0161tvenih medija tre\u0107e strane zna\u010di bilo koje usluge ili sadr\u017eaj (uklju\u010duju\u0107i podatke, informacije, proizvode ili usluge) koje pru\u017ea tre\u0107a strana, a koje Usluga mo\u017ee prikazati, uklju\u010diti ili u\u010diniti dostupnima.<\/p><p>Web stranica se odnosi na CodeModels, dostupno na codemodels.ai<\/p><p>Vi zna\u010di pojedinac koji pristupa ili koristi Uslugu, ili tvrtka, ili drugi pravni subjekt u \u010dije ime takav pojedinac pristupa ili koristi Uslugu, prema potrebi.<\/p><p>Potvrda<br>Ovo su Uvjeti i odredbe koji reguliraju kori\u0161tenje ove Usluge i ugovor koji djeluje izme\u0111u Vas i Tvrtke. Ovi Uvjeti i odredbe odre\u0111uju prava i obveze svih korisnika u vezi s kori\u0161tenjem Usluge. <\/p><p>Va\u0161 pristup i kori\u0161tenje Usluge uvjetovani su Va\u0161im prihva\u0107anjem i po\u0161tivanjem ovih Uvjeta i odredbi. Ovi Uvjeti i odredbe primjenjuju se na sve posjetitelje, korisnike i druge koji pristupaju ili koriste Uslugu. <\/p><p>Pristupanjem ili kori\u0161tenjem Usluge pristajete biti vezani ovim Uvjetima i odredbama. Ako se ne sla\u017eete s bilo kojim dijelom ovih Uvjeta i odredbi, tada ne smijete pristupiti Usluzi. <\/p><p>Izjavljujete da ste stariji od 18 godina. Tvrtka ne dopu\u0161ta kori\u0161tenje Usluge osobama mla\u0111im od 18 godina. <\/p><p>Va\u0161 pristup i kori\u0161tenje Usluge tako\u0111er su uvjetovani Va\u0161im prihva\u0107anjem i po\u0161tivanjem Pravila privatnosti Tvrtke. Na\u0161a Pravila privatnosti opisuju Na\u0161e politike i procedure o prikupljanju, kori\u0161tenju i otkrivanju Va\u0161ih osobnih podataka kada koristite Aplikaciju ili Web stranicu te Vas obavje\u0161tavaju o Va\u0161im pravima privatnosti i kako Vas zakon \u0161titi. Molimo Vas da pa\u017eljivo pro\u010ditate Na\u0161a Pravila privatnosti prije kori\u0161tenja Na\u0161e Usluge.  <\/p><p>Poveznice na druge web stranice<br>Na\u0161a Usluga mo\u017ee sadr\u017eavati poveznice na web stranice ili usluge tre\u0107ih strana koje nisu u vlasni\u0161tvu ili pod kontrolom Tvrtke.<\/p><p>Tvrtka nema kontrolu nad, i ne preuzima odgovornost za, sadr\u017eaj, pravila privatnosti ili prakse bilo kojih web stranica ili usluga tre\u0107ih strana. Nadalje potvr\u0111ujete i sla\u017eete se da Tvrtka ne\u0107e biti odgovorna, izravno ili neizravno, za bilo kakvu \u0161tetu ili gubitak uzrokovan ili navodno uzrokovan kori\u0161tenjem ili oslanjanjem na bilo koji takav sadr\u017eaj, robu ili usluge dostupne na ili putem bilo kojih takvih web stranica ili usluga. <\/p><p>Preporu\u010dujemo Vam da pro\u010ditate uvjete i odredbe te pravila privatnosti bilo kojih web stranica ili usluga tre\u0107ih strana koje posje\u0107ujete.<\/p><p>Raskid<br>Mo\u017eemo raskinuti ili obustaviti Va\u0161 pristup odmah, bez prethodne obavijesti ili odgovornosti, iz bilo kojeg razloga, uklju\u010duju\u0107i, ali ne ograni\u010davaju\u0107i se na, kr\u0161enje ovih Uvjeta i odredbi.<\/p><p>Po raskidu, Va\u0161e pravo na kori\u0161tenje Usluge odmah prestaje.<\/p><p>Ograni\u010denje odgovornosti<br>Bez obzira na \u0161tetu koju biste mogli pretrpjeti, cjelokupna odgovornost Tvrtke i bilo kojeg od njezinih dobavlja\u010da prema bilo kojoj odredbi ovih Uvjeta i Va\u0161 isklju\u010divi pravni lijek za sve navedeno bit \u0107e ograni\u010deni na iznos koji ste stvarno platili putem Usluge ili 100 USD ako niste ni\u0161ta kupili putem Usluge.<\/p><p>U najve\u0107oj mjeri dopu\u0161tenoj primjenjivim zakonom, ni u kojem slu\u010daju Tvrtka ili njezini dobavlja\u010di ne\u0107e biti odgovorni za bilo kakve posebne, slu\u010dajne, neizravne ili posljedi\u010dne \u0161tete (uklju\u010duju\u0107i, ali ne ograni\u010davaju\u0107i se na, \u0161tete zbog gubitka dobiti, gubitka podataka ili drugih informacija, zbog prekida poslovanja, zbog osobne ozljede, gubitka privatnosti koji proizlaze iz ili su na bilo koji na\u010din povezani s kori\u0161tenjem ili nemogu\u0107no\u0161\u0107u kori\u0161tenja Usluge, softvera tre\u0107ih strana i\/ili hardvera tre\u0107ih strana koji se koristi s Uslugom, ili na drugi na\u010din u vezi s bilo kojom odredbom ovih Uvjeta), \u010dak i ako je Tvrtka ili bilo koji dobavlja\u010d bio obavije\u0161ten o mogu\u0107nosti takvih \u0161teta i \u010dak i ako pravni lijek ne uspije u svojoj bitnoj svrsi.<\/p><p>Neke dr\u017eave ne dopu\u0161taju isklju\u010denje impliciranih jamstava ili ograni\u010denje odgovornosti za slu\u010dajne ili posljedi\u010dne \u0161tete, \u0161to zna\u010di da se neka od gore navedenih ograni\u010denja mo\u017eda ne\u0107e primjenjivati. U tim dr\u017eavama, odgovornost svake strane bit \u0107e ograni\u010dena u najve\u0107oj mjeri dopu\u0161tenoj zakonom. <\/p><p>Odricanje od odgovornosti \u201eKAKVO JEST\u201c i \u201eKAKVO JE DOSTUPNO\u201c<br>Usluga Vam se pru\u017ea \u201eKAKVA JEST\u201c i \u201eKAKVA JE DOSTUPNA\u201c te sa svim gre\u0161kama i nedostacima bez ikakvog jamstva. U najve\u0107oj mjeri dopu\u0161tenoj primjenjivim zakonom, Tvrtka, u svoje ime i u ime svojih Povezanih dru\u0161tava te svojih i njihovih odgovaraju\u0107ih davatelja licenci i pru\u017eatelja usluga, izri\u010dito se odri\u010de svih jamstava, bilo izri\u010ditih, impliciranih, zakonskih ili drugih, u vezi s Uslugom, uklju\u010duju\u0107i sva implicirana jamstva tr\u017ei\u0161nosti, prikladnosti za odre\u0111enu svrhu, vlasni\u0161tva i nekr\u0161enja prava, te jamstva koja mogu proiza\u0107i iz tijeka poslovanja, tijeka izvr\u0161enja, kori\u0161tenja ili trgova\u010dke prakse. Bez ograni\u010davanja navedenog, Tvrtka ne daje nikakvo jamstvo ili obvezu, niti daje bilo kakvu izjavu da \u0107e Usluga ispuniti Va\u0161e zahtjeve, posti\u0107i bilo kakve namjeravane rezultate, biti kompatibilna ili raditi s bilo kojim drugim softverom, aplikacijama, sustavima ili uslugama, raditi bez prekida, ispunjavati bilo kakve standarde performansi ili pouzdanosti ili biti bez gre\u0161aka ili da se bilo kakve gre\u0161ke ili nedostaci mogu ili \u0107e biti ispravljeni.  <\/p><p>Bez ograni\u010davanja navedenog, ni Tvrtka niti bilo koji pru\u017eatelj usluga Tvrtke ne daje nikakvu izjavu ili jamstvo bilo koje vrste, izri\u010dito ili implicirano: (i) o radu ili dostupnosti Usluge, ili informacijama, sadr\u017eaju i materijalima ili proizvodima uklju\u010denim u nju; (ii) da \u0107e Usluga biti neprekinuta ili bez gre\u0161aka; (iii) o to\u010dnosti, pouzdanosti ili aktualnosti bilo koje informacije ili sadr\u017eaja pru\u017eenog putem Usluge; ili (iv) da su Usluga, njezini poslu\u017eitelji, sadr\u017eaj ili e-poruke poslane od strane ili u ime Tvrtke bez virusa, skripti, trojanskih konja, crva, zlonamjernog softvera, vremenskih bombi ili drugih \u0161tetnih komponenti.    <\/p><p>Neke jurisdikcije ne dopu\u0161taju isklju\u010denje odre\u0111enih vrsta jamstava ili ograni\u010denja primjenjivih zakonskih prava potro\u0161a\u010da, tako da se neka ili sva gore navedena isklju\u010denja i ograni\u010denja mo\u017eda ne\u0107e primjenjivati na Vas. Ali u takvom slu\u010daju, isklju\u010denja i ograni\u010denja navedena u ovom odjeljku primjenjivat \u0107e se u najve\u0107oj mjeri provedivoj prema primjenjivom zakonu. <\/p><p>Mjerodavno pravo<br>Zakoni Zemlje, isklju\u010duju\u0107i njezina pravila o sukobu zakona, regulirat \u0107e ove Uvjete i Va\u0161e kori\u0161tenje Usluge. Va\u0161e kori\u0161tenje Aplikacije tako\u0111er mo\u017ee biti podlo\u017eno drugim lokalnim, dr\u017eavnim, nacionalnim ili me\u0111unarodnim zakonima. <\/p><p>Rje\u0161avanje sporova<br>Ako imate bilo kakvu zabrinutost ili spor u vezi s Uslugom, sla\u017eete se da \u0107ete prvo poku\u0161ati neformalno rije\u0161iti spor kontaktiranjem Tvrtke.<\/p><p>Za korisnike Europske unije (EU)<br>Ako ste potro\u0161a\u010d iz Europske unije, imat \u0107ete koristi od svih obveznih odredbi zakona zemlje u kojoj imate prebivali\u0161te.<\/p><p>Uskla\u0111enost s pravom Sjedinjenih Ameri\u010dkih Dr\u017eava<br>Izjavljujete i jam\u010dite da (i) niste smje\u0161teni u zemlji koja je pod embargom vlade Sjedinjenih Ameri\u010dkih Dr\u017eava, ili koju je vlada Sjedinjenih Ameri\u010dkih Dr\u017eava ozna\u010dila kao \u201ezemlju koja podr\u017eava terorizam\u201c, i (ii) niste navedeni na popisu zabranjenih ili ograni\u010denih strana vlade Sjedinjenih Ameri\u010dkih Dr\u017eava.  <\/p><p>Odvojivost i odricanje<br>Odvojivost<br>Ako se bilo koja odredba ovih Uvjeta smatra neprovedivom ili neva\u017ee\u0107om, takva \u0107e se odredba promijeniti i tuma\u010diti kako bi se postigli ciljevi takve odredbe u najve\u0107oj mogu\u0107oj mjeri prema primjenjivom zakonu, a preostale odredbe ostat \u0107e na snazi.<\/p><p>Odricanje<br>Osim kako je ovdje navedeno, propust u ostvarivanju prava ili zahtijevanju ispunjenja obveze prema ovim Uvjetima ne\u0107e utjecati na sposobnost stranke da ostvari takvo pravo ili zahtijeva takvo ispunjenje u bilo kojem trenutku nakon toga, niti \u0107e odricanje od kr\u0161enja predstavljati odricanje od bilo kojeg naknadnog kr\u0161enja.<\/p><p>Tuma\u010denje prijevoda<br>Ovi Uvjeti i odredbe mo\u017eda su prevedeni ako smo Vam ih u\u010dinili dostupnima na na\u0161oj Usluzi. Sla\u017eete se da \u0107e izvorni engleski tekst prevladati u slu\u010daju spora. <\/p><p>Izmjene ovih Uvjeta i odredbi<br>Zadr\u017eavamo pravo, prema vlastitom naho\u0111enju, izmijeniti ili zamijeniti ove Uvjete u bilo kojem trenutku. Ako je revizija zna\u010dajna, ulo\u017eit \u0107emo razumne napore da osiguramo obavijest od najmanje 30 dana prije stupanja na snagu bilo kojih novih uvjeta. \u0160to \u010dini zna\u010dajnu promjenu, odredit \u0107e se prema Na\u0161em vlastitom naho\u0111enju.  <\/p><p>Nastavkom pristupa ili kori\u0161tenja Na\u0161e Usluge nakon \u0161to te revizije stupe na snagu, sla\u017eete se da \u0107ete biti vezani revidiranim uvjetima. Ako se ne sla\u017eete s novim uvjetima, u cijelosti ili djelomi\u010dno, molimo Vas da prestanete koristiti web stranicu i Uslugu. <\/p><p>Kontaktirajte nas<br>Ako imate bilo kakvih pitanja o ovim Uvjetima i odredbama, mo\u017eete nas kontaktirati:<\/p><p>E-po\u0161tom: info@codemodels.ai<\/p>\t\t\t\t\t\t\t\t<\/div>\n\t\t\t\t\t<\/div>\n\t\t\t\t<\/div>\n\t\t\t\t<\/div>\n\t\t","protected":false},"excerpt":{"rendered":"<p>Uvjeti i odredbe Zadnje a\u017eurirano: 07. rujna 2025. Molimo Vas da pa\u017eljivo pro\u010ditate ove uvjete i odredbe prije kori\u0161tenja Na\u0161e Usluge. Tuma\u010denje i definicijeTuma\u010denjeRije\u010di \u010dije je po\u010detno slovo kapitalizirano imaju zna\u010denja definirana pod sljede\u0107im uvjetima. Sljede\u0107e definicije imat \u0107e isto zna\u010denje bez obzira pojavljuju li se u jednini ili mno\u017eini. DefinicijeZa potrebe ovih Uvjeta i [&hellip;]<\/p>\n","protected":false},"author":1,"featured_media":0,"parent":0,"menu_order":0,"comment_status":"closed","ping_status":"closed","template":"","meta":{"_acf_changed":false,"footnotes":""},"class_list":["post-4773","page","type-page","status-publish","hentry"],"acf":[],"_links":{"self":[{"href":"https:\/\/codemodels.ai\/hr\/wp-json\/wp\/v2\/pages\/4773","targetHints":{"allow":["GET"]}}],"collection":[{"href":"https:\/\/codemodels.ai\/hr\/wp-json\/wp\/v2\/pages"}],"about":[{"href":"https:\/\/codemodels.ai\/hr\/wp-json\/wp\/v2\/types\/page"}],"author":[{"embeddable":true,"href":"https:\/\/codemodels.ai\/hr\/wp-json\/wp\/v2\/users\/1"}],"replies":[{"embeddable":true,"href":"https:\/\/codemodels.ai\/hr\/wp-json\/wp\/v2\/comments?post=4773"}],"version-history":[{"count":1,"href":"https:\/\/codemodels.ai\/hr\/wp-json\/wp\/v2\/pages\/4773\/revisions"}],"predecessor-version":[{"id":4774,"href":"https:\/\/codemodels.ai\/hr\/wp-json\/wp\/v2\/pages\/4773\/revisions\/4774"}],"wp:attachment":[{"href":"https:\/\/codemodels.ai\/hr\/wp-json\/wp\/v2\/media?parent=4773"}],"curies":[{"name":"wp","href":"https:\/\/api.w.org\/{rel}","templated":true}]}}