{"id":4769,"date":"2021-06-11T06:40:33","date_gmt":"2021-06-11T04:40:33","guid":{"rendered":"https:\/\/codemodels.ai\/usluge\/"},"modified":"2026-04-11T18:26:45","modified_gmt":"2026-04-11T16:26:45","slug":"usluge","status":"publish","type":"page","link":"https:\/\/codemodels.ai\/hr\/usluge\/","title":{"rendered":"Usluge"},"content":{"rendered":"\t\t<div data-elementor-type=\"wp-page\" data-elementor-id=\"4769\" class=\"elementor elementor-4769 elementor-2360\" data-elementor-post-type=\"page\">\n\t\t\t\t\t\t<section class=\"elementor-section elementor-top-section elementor-element elementor-element-61664e6 elementor-section-full_width elementor-section-height-default elementor-section-height-default\" data-id=\"61664e6\" data-element_type=\"section\" data-e-type=\"section\">\n\t\t\t\t\t\t<div class=\"elementor-container elementor-column-gap-no\">\n\t\t\t\t\t<div class=\"elementor-column elementor-col-100 elementor-top-column elementor-element elementor-element-0309cf6\" data-id=\"0309cf6\" data-element_type=\"column\" data-e-type=\"column\">\n\t\t\t<div class=\"elementor-widget-wrap elementor-element-populated\">\n\t\t\t\t\t\t<div class=\"elementor-element elementor-element-c5fbd94 elementor-widget elementor-widget-yprm_banner\" data-id=\"c5fbd94\" data-element_type=\"widget\" data-e-type=\"widget\" data-widget_type=\"yprm_banner.default\">\n\t\t\t\t<div class=\"elementor-widget-container\">\n\t\t\t\t\t\t\t\t<div class=\"banner-wrapper banner-area banner-69e362847ed55\" style=\"--transition-speed: 2300ms;\" data-settings=\"{&quot;loop&quot;:false,&quot;speed&quot;:300,&quot;autoplay&quot;:false,&quot;arrows&quot;:true,&quot;dots&quot;:true,&quot;dots_position&quot;:&quot;left&quot;,&quot;animation&quot;:&quot;&quot;}\">\r\n\t\t\t\t\t\t\t\t\t\t\t\t\t\t\t\t\r\n\t\t\t\t<div class=\"banner banner-items banner-69e362847ed59 fixed-height arrows-right-bottom pagination-left\" id=\"banner-69e362847ed5a\">\r\n          <div class=\"swiper\">\r\n            <div class=\"swiper-wrapper\">\r\n                    <div class=\"item swiper-slide item-banner banner-item-69e362847ed86 elementor-repeater-item-9799635 tar inherit\">\r\n        <div class=\"bg-image\" style=\"background-image: url(https:\/\/codemodels.ai\/wp-content\/uploads\/2026\/03\/services-banner3.2.jpg)\"><\/div>\r\n                  \n    <div class=\"bg-overlay\">\n          <\/div>\n\n                            <div class=\"container\">\r\n          <div class=\"cell middle\">\r\n\t\t\t\t\t\t\t\t\t\t\t\t\t<div class=\"heading heading-decor\">\r\n\t\t\t\t\t\t\t\t\t\t\t\t\t\t\t\t<h3 class=\"h\">\r\n\t\t\t\t\t\t\t\t\tNa\u0161e usluge\t\t\t\t\t\t\t\t<\/h3>\r\n\t\t\t\t\t\t\t<\/div>\r\n\t\t\t\t\t\t\t\t\t\t\t\t\t\t\t\t\t\t\t<div class=\"text\">AI identiteti i brend kampanje<\/div>\r\n\t\t\t\t\t    \t\t\t\t\t    \t\t\t\t\t\t\t\t\t\t\t<\/div>\r\n\t\t\t\t<\/div>\r\n\t\t\t<\/div>\r\n\t\t            <\/div>\r\n          <\/div>\r\n          \r\n          <div class=\"owl-nav\"><div class=\"owl-prev basic-ui-icon-left-arrow\"><\/div><div class=\"owl-next basic-ui-icon-right-arrow\"><\/div><\/div>\r\n          <div class=\"owl-dots\"><\/div>          \r\n\t\t\t\t<\/div>\r\n\r\n\t\t\t<\/div>\r\n\t\t\t\t\t\t<\/div>\n\t\t\t\t<\/div>\n\t\t\t\t\t<\/div>\n\t\t<\/div>\n\t\t\t\t\t<\/div>\n\t\t<\/section>\n\t\t<div class=\"elementor-element elementor-element-be5cbe9 e-flex e-con-boxed e-con e-parent\" data-id=\"be5cbe9\" data-element_type=\"container\" data-e-type=\"container\">\n\t\t\t\t\t<div class=\"e-con-inner\">\n\t\t\t\t<div class=\"elementor-element elementor-element-47de676 elementor-widget elementor-widget-yprm_heading\" data-id=\"47de676\" data-element_type=\"widget\" data-e-type=\"widget\" data-widget_type=\"yprm_heading.default\">\n\t\t\t\t<div class=\"elementor-widget-container\">\n\t\t\t\t\t\t\t\t<div class=\"heading-block with-line tac\">\n\t\t\t\t                  <h3 class=\"h\">STVARAMO AI MODELE KOJI POKRE\u0106U VA\u0160E REZULTATE<\/h3>\n        \t\t\t<\/div>\n              <div class=\"heading-content\"><br \/>\nDizajniramo virtualne talente za kampanje i dru\u0161tvene mre\u017ee, pokretane umjetnom inteligencijom.<br \/>\n<br \/>\nAI modeli za brendove, fotografiju za dru\u0161tvene mre\u017ee, virtualne influencere, vizuale digitalnih kampanja i personalizirane AI identitete \u2013 spremne za Instagram, oglase i vizualno pripovijedanje. Nema potrebe za fotoshootingom.<br \/>\n<br \/>\nGalerija AI modela: gotova virtualna lica za modne, beauty i tehnolo\u0161ke kampanje.<\/div>\n      \t\t\t\t\t\t<\/div>\n\t\t\t\t<\/div>\n\t\t\t\t\t<\/div>\n\t\t\t\t<\/div>\n\t\t<div class=\"elementor-element elementor-element-202ac9c e-con-full e-flex e-con e-parent\" data-id=\"202ac9c\" data-element_type=\"container\" data-e-type=\"container\" data-settings=\"{&quot;background_background&quot;:&quot;classic&quot;}\">\n\t\t\t\t<div class=\"elementor-element elementor-element-73b0f9e elementor-widget__width-initial elementor-widget elementor-widget-yprm_heading\" data-id=\"73b0f9e\" data-element_type=\"widget\" data-e-type=\"widget\" data-widget_type=\"yprm_heading.default\">\n\t\t\t\t<div class=\"elementor-widget-container\">\n\t\t\t\t\t\t\t\t<div class=\"heading-block tac\">\n\t\t\t\t\t\t\t\t\t<div class=\"sub-h\">PRILAGO\u0110ENI AI AMBASADORI<\/div>\n\t\t\t\t                  <h4 class=\"h\">IZGRADITE DOSLJEDNE AI AMBASADORE ZA SVOJE KAMPANJE<\/h4>\n        \t\t\t<\/div>\n              <div class=\"heading-content\"><br \/>\nPrilago\u0111eni AI ambasador postaje digitalni predstavnik va\u0161eg brenda \u2013 dizajniran da savr\u0161eno odra\u017eava va\u0161 identitet, ton komunikacije i publiku. Oblikujemo njegov izgled, osobnost i pri\u010du za dosljedne performanse na Instagram Reelsima, oglasima, TikToku i dugoro\u010dnim kampanjama. Skalabilni, uvijek spremni likovi koji nikad ne propu\u0161taju rokove.<\/div>\n      \t\t\t\t\t\t<\/div>\n\t\t\t\t<\/div>\n\t\t\t\t<div class=\"elementor-element elementor-element-c1c471e elementor-widget elementor-widget-yprm_button\" data-id=\"c1c471e\" data-element_type=\"widget\" data-e-type=\"widget\" data-widget_type=\"yprm_button.default\">\n\t\t\t\t<div class=\"elementor-widget-container\">\n\t\t\t\t\t\r\n\t\t<div class=\"button-container\">\r\n\t\t\t<a class=\"button-elementor button-style1\" href=\"https:\/\/codemodels.ai\/hr\/kontaktirajte-nas\/\" target=\"_self\">\r\n\t\t\t\t\t\t\t\t<span>Javite nam se<\/span>\r\n\t\t\t\t\t\t\t<\/a>\r\n\t\t<\/div>\r\n\r\n\t\t\t\t\t\t<\/div>\n\t\t\t\t<\/div>\n\t\t\t\t<div class=\"elementor-element elementor-element-82b986a elementor-widget elementor-widget-yprm_gallery\" data-id=\"82b986a\" data-element_type=\"widget\" data-e-type=\"widget\" data-settings=\"{&quot;gallery_layout&quot;:&quot;masonry&quot;,&quot;content_hover_animation&quot;:&quot;type_3&quot;,&quot;cols_sm&quot;:2,&quot;cols_md&quot;:3,&quot;cols_lg&quot;:3,&quot;cols_xs&quot;:2}\" data-widget_type=\"yprm_gallery.default\">\n\t\t\t\t<div class=\"elementor-widget-container\">\n\t\t\t\t\t        <div data-portfolio-settings=\"{&quot;gallery_layout&quot;:&quot;masonry&quot;}\" id=\"project-slider-69e362848002d\" class=\"project-grid-page elementor-block gallery-block\">\n                    <div class=\"portfolio_hover_type_3 post-gallery-grid row popup-gallery gallery-type-masonry\"><div class=\"grid-sizer col-1\"><\/div>\n                <div class=\"portfolio-item popup-item col-6 col-sm-6 col-md-4 col-lg-4\">\n                    <div class=\"wrap\">\n                                                    <div class=\"a-img\" data-original=\"https:\/\/codemodels.ai\/wp-content\/uploads\/2026\/03\/2z.jpg\">\n                                <img fetchpriority=\"high\" decoding=\"async\" width=\"765\" height=\"1024\" src=\"https:\/\/codemodels.ai\/wp-content\/uploads\/2026\/03\/2z-765x1024.jpg\" class=\"attachment-large size-large\" alt=\"\" \/><\/div>\n                        \n                        \n                        <a href=\"#\" data-popup-json=\"{&quot;image&quot;:{&quot;url&quot;:&quot;https:\\\/\\\/codemodels.ai\\\/wp-content\\\/uploads\\\/2026\\\/03\\\/2z.jpg&quot;,&quot;w&quot;:1792,&quot;h&quot;:2400},&quot;post_id&quot;:4244}\"\n                            data-id=\"0\"><\/a>\n                    <\/div>\n                <\/div>\n                \n                <div class=\"portfolio-item popup-item col-6 col-sm-6 col-md-4 col-lg-4\">\n                    <div class=\"wrap\">\n                                                    <div class=\"a-img\" data-original=\"https:\/\/codemodels.ai\/wp-content\/uploads\/2026\/03\/1z.jpg\">\n                                <img decoding=\"async\" width=\"765\" height=\"1024\" src=\"https:\/\/codemodels.ai\/wp-content\/uploads\/2026\/03\/1z-765x1024.jpg\" class=\"attachment-large size-large\" alt=\"\" \/><\/div>\n                        \n                        \n                        <a href=\"#\" data-popup-json=\"{&quot;image&quot;:{&quot;url&quot;:&quot;https:\\\/\\\/codemodels.ai\\\/wp-content\\\/uploads\\\/2026\\\/03\\\/1z.jpg&quot;,&quot;w&quot;:1792,&quot;h&quot;:2400},&quot;post_id&quot;:4242}\"\n                            data-id=\"1\"><\/a>\n                    <\/div>\n                <\/div>\n                \n                <div class=\"portfolio-item popup-item col-6 col-sm-6 col-md-4 col-lg-4\">\n                    <div class=\"wrap\">\n                                                    <div class=\"a-img\" data-original=\"https:\/\/codemodels.ai\/wp-content\/uploads\/2026\/03\/3z.jpg\">\n                                <img decoding=\"async\" width=\"765\" height=\"1024\" src=\"https:\/\/codemodels.ai\/wp-content\/uploads\/2026\/03\/3z-765x1024.jpg\" class=\"attachment-large size-large\" alt=\"\" \/><\/div>\n                        \n                        \n                        <a href=\"#\" data-popup-json=\"{&quot;image&quot;:{&quot;url&quot;:&quot;https:\\\/\\\/codemodels.ai\\\/wp-content\\\/uploads\\\/2026\\\/03\\\/3z.jpg&quot;,&quot;w&quot;:1792,&quot;h&quot;:2400},&quot;post_id&quot;:4246}\"\n                            data-id=\"2\"><\/a>\n                    <\/div>\n                <\/div>\n                \n                <div class=\"portfolio-item popup-item col-6 col-sm-6 col-md-4 col-lg-4\">\n                    <div class=\"wrap\">\n                                                    <div class=\"a-img\" data-original=\"https:\/\/codemodels.ai\/wp-content\/uploads\/2026\/03\/2m.jpg\">\n                                <img loading=\"lazy\" decoding=\"async\" width=\"765\" height=\"1024\" src=\"https:\/\/codemodels.ai\/wp-content\/uploads\/2026\/03\/2m-765x1024.jpg\" class=\"attachment-large size-large\" alt=\"\" \/><\/div>\n                        \n                        \n                        <a href=\"#\" data-popup-json=\"{&quot;image&quot;:{&quot;url&quot;:&quot;https:\\\/\\\/codemodels.ai\\\/wp-content\\\/uploads\\\/2026\\\/03\\\/2m.jpg&quot;,&quot;w&quot;:1792,&quot;h&quot;:2400},&quot;post_id&quot;:4243}\"\n                            data-id=\"3\"><\/a>\n                    <\/div>\n                <\/div>\n                \n                <div class=\"portfolio-item popup-item col-6 col-sm-6 col-md-4 col-lg-4\">\n                    <div class=\"wrap\">\n                                                    <div class=\"a-img\" data-original=\"https:\/\/codemodels.ai\/wp-content\/uploads\/2026\/03\/1m.jpg\">\n                                <img loading=\"lazy\" decoding=\"async\" width=\"765\" height=\"1024\" src=\"https:\/\/codemodels.ai\/wp-content\/uploads\/2026\/03\/1m-765x1024.jpg\" class=\"attachment-large size-large\" alt=\"\" \/><\/div>\n                        \n                        \n                        <a href=\"#\" data-popup-json=\"{&quot;image&quot;:{&quot;url&quot;:&quot;https:\\\/\\\/codemodels.ai\\\/wp-content\\\/uploads\\\/2026\\\/03\\\/1m.jpg&quot;,&quot;w&quot;:1792,&quot;h&quot;:2400},&quot;post_id&quot;:4241}\"\n                            data-id=\"4\"><\/a>\n                    <\/div>\n                <\/div>\n                \n                <div class=\"portfolio-item popup-item col-6 col-sm-6 col-md-4 col-lg-4\">\n                    <div class=\"wrap\">\n                                                    <div class=\"a-img\" data-original=\"https:\/\/codemodels.ai\/wp-content\/uploads\/2026\/03\/3m.jpg\">\n                                <img loading=\"lazy\" decoding=\"async\" width=\"765\" height=\"1024\" src=\"https:\/\/codemodels.ai\/wp-content\/uploads\/2026\/03\/3m-765x1024.jpg\" class=\"attachment-large size-large\" alt=\"\" \/><\/div>\n                        \n                        \n                        <a href=\"#\" data-popup-json=\"{&quot;image&quot;:{&quot;url&quot;:&quot;https:\\\/\\\/codemodels.ai\\\/wp-content\\\/uploads\\\/2026\\\/03\\\/3m.jpg&quot;,&quot;w&quot;:1792,&quot;h&quot;:2400},&quot;post_id&quot;:4245}\"\n                            data-id=\"5\"><\/a>\n                    <\/div>\n                <\/div>\n                \n            <\/div>                        <\/div>\n        \t\t\t\t<\/div>\n\t\t\t\t<\/div>\n\t\t\t\t<\/div>\n\t\t<div class=\"elementor-element elementor-element-f0ff82d e-con-full e-flex e-con e-parent\" data-id=\"f0ff82d\" data-element_type=\"container\" data-e-type=\"container\" data-settings=\"{&quot;background_background&quot;:&quot;classic&quot;}\">\n\t\t\t\t<div class=\"elementor-element elementor-element-9b46374 elementor-widget__width-initial elementor-widget elementor-widget-yprm_heading\" data-id=\"9b46374\" data-element_type=\"widget\" data-e-type=\"widget\" data-widget_type=\"yprm_heading.default\">\n\t\t\t\t<div class=\"elementor-widget-container\">\n\t\t\t\t\t\t\t\t<div class=\"heading-block tac\">\n\t\t\t\t\t\t\t\t\t<div class=\"sub-h\">KAMPANJE S VIRTUALNIM INFLUENCERIMA<\/div>\n\t\t\t\t                  <h4 class=\"h\">POKRENITE MARKETIN\u0160KE KAMPANJE S AI INFLUENCERIMA<\/h4>\n        \t\t\t<\/div>\n              <div class=\"heading-content\"><br \/>\nAI influenceri transformiraju ogla\u0161avanje beskrajnim kreativnim mogu\u0107nostima. Na\u0161 portfolio uklju\u010duje talente poput Laure Ris, vode\u0107e virtualne influencerice stvorene za suvremene brendove. Ovi digitalni kreatori omogu\u0107uju inovativne kampanje na dru\u0161tvenim mre\u017eama i u oglasima, pru\u017eaju\u0107i vam potpunu kreativnu i produkcijsku kontrolu.<\/div>\n      \t\t\t\t\t\t<\/div>\n\t\t\t\t<\/div>\n\t\t\t\t<div class=\"elementor-element elementor-element-eb787d7 elementor-widget elementor-widget-yprm_button\" data-id=\"eb787d7\" data-element_type=\"widget\" data-e-type=\"widget\" data-widget_type=\"yprm_button.default\">\n\t\t\t\t<div class=\"elementor-widget-container\">\n\t\t\t\t\t\r\n\t\t<div class=\"button-container\">\r\n\t\t\t<a class=\"button-elementor button-style1\" href=\"https:\/\/codemodels.ai\/hr\/kontaktirajte-nas\/\" target=\"_self\">\r\n\t\t\t\t\t\t\t\t<span>Javite nam se<\/span>\r\n\t\t\t\t\t\t\t<\/a>\r\n\t\t<\/div>\r\n\r\n\t\t\t\t\t\t<\/div>\n\t\t\t\t<\/div>\n\t\t\t\t<div class=\"elementor-element elementor-element-f1337e0 elementor-hidden-desktop elementor-hidden-tablet elementor-hidden-mobile elementor-widget elementor-widget-yprm_gallery\" data-id=\"f1337e0\" data-element_type=\"widget\" data-e-type=\"widget\" data-settings=\"{&quot;gallery_layout&quot;:&quot;masonry&quot;,&quot;content_hover_animation&quot;:&quot;type_9&quot;,&quot;cols_sm&quot;:1,&quot;cols_md&quot;:2,&quot;cols_lg&quot;:3}\" data-widget_type=\"yprm_gallery.default\">\n\t\t\t\t<div class=\"elementor-widget-container\">\n\t\t\t\t\t        <div data-portfolio-settings=\"{&quot;gallery_layout&quot;:&quot;masonry&quot;}\" id=\"project-slider-69e3628482019\" class=\"project-grid-page elementor-block gallery-block\">\n                    <div class=\"portfolio_hover_type_9 post-gallery-grid row popup-gallery gallery-type-masonry\"><div class=\"grid-sizer col-1\"><\/div>\n            <\/div>                        <\/div>\n        \t\t\t\t<\/div>\n\t\t\t\t<\/div>\n\t\t\t\t<\/div>\n\t\t\t\t<section class=\"elementor-section elementor-top-section elementor-element elementor-element-808d955 elementor-section-boxed elementor-section-height-default elementor-section-height-default\" data-id=\"808d955\" data-element_type=\"section\" data-e-type=\"section\" data-settings=\"{&quot;background_background&quot;:&quot;classic&quot;}\">\n\t\t\t\t\t\t<div class=\"elementor-container elementor-column-gap-default\">\n\t\t\t\t\t<div class=\"elementor-column elementor-col-100 elementor-top-column elementor-element elementor-element-972ed09 animated-slow elementor-invisible\" data-id=\"972ed09\" data-element_type=\"column\" data-e-type=\"column\" data-settings=\"{&quot;animation&quot;:&quot;fadeIn&quot;}\">\n\t\t\t<div class=\"elementor-widget-wrap elementor-element-populated\">\n\t\t\t\t\t\t<div class=\"elementor-element elementor-element-5a24418 elementor-widget elementor-widget-yprm_heading\" data-id=\"5a24418\" data-element_type=\"widget\" data-e-type=\"widget\" data-widget_type=\"yprm_heading.default\">\n\t\t\t\t<div class=\"elementor-widget-container\">\n\t\t\t\t\t\t\t\t<div class=\"heading-block tac\">\n\t\t\t\t                  <h3 class=\"h\">Po\u0161aljite nam poruku<\/h3>\n        \t\t\t<\/div>\n      \t\t\t\t\t\t<\/div>\n\t\t\t\t<\/div>\n\t\t\t\t<div class=\"elementor-element elementor-element-92fc416 elementor-widget elementor-widget-shortcode\" data-id=\"92fc416\" data-element_type=\"widget\" data-e-type=\"widget\" data-widget_type=\"shortcode.default\">\n\t\t\t\t\t\t\t<div class=\"elementor-shortcode\">\n<div class=\"wpcf7 no-js\" id=\"wpcf7-f4477-o1\" lang=\"hr\" dir=\"ltr\" data-wpcf7-id=\"4477\">\n<div class=\"screen-reader-response\"><p role=\"status\" aria-live=\"polite\" aria-atomic=\"true\"><\/p> <ul><\/ul><\/div>\n<form action=\"\/hr\/wp-json\/wp\/v2\/pages\/4769#wpcf7-f4477-o1\" method=\"post\" class=\"wpcf7-form init\" aria-label=\"Kontakt obrazac\" novalidate=\"novalidate\" data-status=\"init\">\n<fieldset class=\"hidden-fields-container\"><input type=\"hidden\" name=\"_wpcf7\" value=\"4477\" \/><input type=\"hidden\" name=\"_wpcf7_version\" value=\"6.1.5\" \/><input type=\"hidden\" name=\"_wpcf7_locale\" value=\"hr\" \/><input type=\"hidden\" name=\"_wpcf7_unit_tag\" value=\"wpcf7-f4477-o1\" \/><input type=\"hidden\" name=\"_wpcf7_container_post\" value=\"0\" \/><input type=\"hidden\" name=\"_wpcf7_posted_data_hash\" value=\"\" \/>\n<\/fieldset>\n<div class=\"contact-form row\">\n  <div class=\"col-12 col-sm-6\"><span class=\"wpcf7-form-control-wrap\" data-name=\"f-name\"><input size=\"40\" maxlength=\"400\" class=\"wpcf7-form-control wpcf7-text wpcf7-validates-as-required style4\" aria-required=\"true\" aria-invalid=\"false\" placeholder=\"Unesite svoje ime...\" value=\"\" type=\"text\" name=\"f-name\" \/><\/span><\/div>\n  <div class=\"col-12 col-sm-6\"><span class=\"wpcf7-form-control-wrap\" data-name=\"f-mail\"><input size=\"40\" maxlength=\"400\" class=\"wpcf7-form-control wpcf7-email wpcf7-validates-as-required wpcf7-text wpcf7-validates-as-email style4\" aria-required=\"true\" aria-invalid=\"false\" placeholder=\"Unesite svoju e-po\u0161tu...\" value=\"\" type=\"email\" name=\"f-mail\" \/><\/span><\/div>\n  <div class=\"col-12\"><span class=\"wpcf7-form-control-wrap\" data-name=\"f-message\"><textarea cols=\"40\" rows=\"4\" maxlength=\"2000\" class=\"wpcf7-form-control wpcf7-textarea style4\" aria-invalid=\"false\" placeholder=\"Unesite svoj komentar...\" name=\"f-message\"><\/textarea><\/span><\/div>\n  <div class=\"col-12\"><button type=\"submit\" class=\"button-style2\">po\u0161aljite sada<\/button><\/div>\n<\/div><div class=\"wpcf7-response-output\" aria-hidden=\"true\"><\/div>\n<\/form>\n<\/div>\n<\/div>\n\t\t\t\t\t\t<\/div>\n\t\t\t\t\t<\/div>\n\t\t<\/div>\n\t\t\t\t\t<\/div>\n\t\t<\/section>\n\t\t\t\t<\/div>\n\t\t","protected":false},"excerpt":{"rendered":"<p>Na\u0161e usluge AI identiteti i brend kampanje STVARAMO AI MODELE KOJI POKRE\u0106U VA\u0160E REZULTATE Dizajniramo virtualne talente za kampanje i dru\u0161tvene mre\u017ee, pokretane umjetnom inteligencijom. AI modeli za brendove, fotografiju za dru\u0161tvene mre\u017ee, virtualne influencere, vizuale digitalnih kampanja i personalizirane AI identitete \u2013 spremne za Instagram, oglase i vizualno pripovijedanje. Nema potrebe za fotoshootingom. Galerija [&hellip;]<\/p>\n","protected":false},"author":1,"featured_media":0,"parent":0,"menu_order":0,"comment_status":"closed","ping_status":"closed","template":"template-landing.php","meta":{"_acf_changed":false,"footnotes":""},"class_list":["post-4769","page","type-page","status-publish","hentry"],"acf":[],"_links":{"self":[{"href":"https:\/\/codemodels.ai\/hr\/wp-json\/wp\/v2\/pages\/4769","targetHints":{"allow":["GET"]}}],"collection":[{"href":"https:\/\/codemodels.ai\/hr\/wp-json\/wp\/v2\/pages"}],"about":[{"href":"https:\/\/codemodels.ai\/hr\/wp-json\/wp\/v2\/types\/page"}],"author":[{"embeddable":true,"href":"https:\/\/codemodels.ai\/hr\/wp-json\/wp\/v2\/users\/1"}],"replies":[{"embeddable":true,"href":"https:\/\/codemodels.ai\/hr\/wp-json\/wp\/v2\/comments?post=4769"}],"version-history":[{"count":4,"href":"https:\/\/codemodels.ai\/hr\/wp-json\/wp\/v2\/pages\/4769\/revisions"}],"predecessor-version":[{"id":4802,"href":"https:\/\/codemodels.ai\/hr\/wp-json\/wp\/v2\/pages\/4769\/revisions\/4802"}],"wp:attachment":[{"href":"https:\/\/codemodels.ai\/hr\/wp-json\/wp\/v2\/media?parent=4769"}],"curies":[{"name":"wp","href":"https:\/\/api.w.org\/{rel}","templated":true}]}}