{"id":4765,"date":"2025-11-12T19:32:12","date_gmt":"2025-11-12T18:32:12","guid":{"rendered":"https:\/\/codemodels.ai\/pravila-privatnosti\/"},"modified":"2026-04-11T13:22:47","modified_gmt":"2026-04-11T11:22:47","slug":"pravila-privatnosti","status":"publish","type":"page","link":"https:\/\/codemodels.ai\/hr\/pravila-privatnosti\/","title":{"rendered":"Pravila privatnosti"},"content":{"rendered":"\t\t<div data-elementor-type=\"wp-page\" data-elementor-id=\"4765\" class=\"elementor elementor-4765 elementor-3793\" data-elementor-post-type=\"page\">\n\t\t\t\t<div class=\"elementor-element elementor-element-5d38fe62 e-flex e-con-boxed e-con e-parent\" data-id=\"5d38fe62\" data-element_type=\"container\" data-e-type=\"container\">\n\t\t\t\t\t<div class=\"e-con-inner\">\n\t\t\t\t<div class=\"elementor-element elementor-element-886643e elementor-widget elementor-widget-heading\" data-id=\"886643e\" data-element_type=\"widget\" data-e-type=\"widget\" data-widget_type=\"heading.default\">\n\t\t\t\t\t<h2 class=\"elementor-heading-title elementor-size-default\">Pravila privatnosti<\/h2>\t\t\t\t<\/div>\n\t\t\t\t<div class=\"elementor-element elementor-element-6ba036d0 elementor-widget elementor-widget-text-editor\" data-id=\"6ba036d0\" data-element_type=\"widget\" data-e-type=\"widget\" data-widget_type=\"text-editor.default\">\n\t\t\t\t\t\t\t\t\t\n<h2 class=\"wp-block-heading\">Tko smo mi<\/h2>\n\n<p>Adresa na\u0161e web stranice je: https:\/\/codemodels.ai.<\/p>\n\n<h2 class=\"wp-block-heading\">Komentari<\/h2>\n\n<p>Kada posjetitelji ostavljaju komentare na stranici, prikupljamo podatke prikazane u obrascu za komentare, kao i IP adresu posjetitelja i niz korisni\u010dkog agenta preglednika radi pomo\u0107i u otkrivanju ne\u017eeljene po\u0161te.<\/p>\n\n<p>Anonimiziran niz znakova kreiran iz va\u0161e adrese e-po\u0161te (nazvan i hash) mo\u017ee biti proslije\u0111en usluzi Gravatar kako bi se provjerilo koristite li je. Pravila privatnosti usluge Gravatar dostupna su ovdje: https:\/\/automattic.com\/privacy\/. Nakon odobrenja va\u0161eg komentara, va\u0161a profilna slika bit \u0107e vidljiva javnosti u kontekstu va\u0161eg komentara. <\/p>\n\n<h2 class=\"wp-block-heading\">Mediji<\/h2>\n\n<p>Ako prenosite slike na web stranicu, trebali biste izbjegavati prijenos slika s ugra\u0111enim podacima o lokaciji (EXIF GPS). Posjetitelji web stranice mogu preuzeti i izdvojiti sve podatke o lokaciji sa slika na web stranici. <\/p>\n\n<h2 class=\"wp-block-heading\">Kola\u010di\u0107i<\/h2>\n\n<p>Ako ostavite komentar na na\u0161oj stranici, mo\u017eete se odlu\u010diti za spremanje va\u0161eg imena, adrese e-po\u0161te i web stranice u kola\u010di\u0107e. Oni su radi va\u0161e prakti\u010dnosti kako ne biste morali ponovno unositi svoje podatke kada ostavljate drugi komentar. Ovi kola\u010di\u0107i trajat \u0107e jednu godinu.  <\/p>\n\n<p>Ako posjetite na\u0161u stranicu za prijavu, postavit \u0107emo privremeni kola\u010di\u0107 kako bismo utvrdili prihva\u0107a li va\u0161 preglednik kola\u010di\u0107e. Ovaj kola\u010di\u0107 ne sadr\u017ei osobne podatke i odbacuje se kada zatvorite preglednik. <\/p>\n\n<p>Kada se prijavite, postavit \u0107emo i nekoliko kola\u010di\u0107a za spremanje va\u0161ih podataka za prijavu i odabira prikaza zaslona. Kola\u010di\u0107i za prijavu traju dva dana, a kola\u010di\u0107i za opcije zaslona traju godinu dana. Ako odaberete \u201eZapamti me\u201c, va\u0161a prijava \u0107e trajati dva tjedna. Ako se odjavite sa svog ra\u010duna, kola\u010di\u0107i za prijavu bit \u0107e uklonjeni.   <\/p>\n\n<p>Ako uredite ili objavite \u010dlanak, dodatni kola\u010di\u0107 bit \u0107e spremljen u va\u0161em pregledniku. Ovaj kola\u010di\u0107 ne uklju\u010duje osobne podatke i jednostavno ozna\u010dava ID objave \u010dlanka koji ste upravo uredili. Isti\u010de nakon 1 dana.  <\/p>\n\n<h2 class=\"wp-block-heading\">Ugra\u0111eni sadr\u017eaj s drugih web stranica<\/h2>\n\n<p>\u010clanci na ovoj stranici mogu uklju\u010divati ugra\u0111eni sadr\u017eaj (npr. videozapise, slike, \u010dlanke itd.). Ugra\u0111eni sadr\u017eaj s drugih web stranica pona\u0161a se na potpuno isti na\u010din kao da je posjetitelj posjetio drugu web stranicu. <\/p>\n\n<p>Te web stranice mogu prikupljati podatke o vama, koristiti kola\u010di\u0107e, ugraditi dodatno pra\u0107enje tre\u0107e strane i pratiti va\u0161u interakciju s tim ugra\u0111enim sadr\u017eajem, uklju\u010duju\u0107i pra\u0107enje va\u0161e interakcije s ugra\u0111enim sadr\u017eajem ako imate ra\u010dun i prijavljeni ste na tu web stranicu.<\/p>\n\n<h2 class=\"wp-block-heading\">S kim dijelimo va\u0161e podatke<\/h2>\n\n<p>Ako zatra\u017eite ponovno postavljanje lozinke, va\u0161a IP adresa bit \u0107e uklju\u010dena u e-poruku za ponovno postavljanje.<\/p>\n\n<h2 class=\"wp-block-heading\">Koliko dugo \u010duvamo va\u0161e podatke<\/h2>\n\n<p>Ako ostavite komentar, komentar i njegovi metapodaci \u010duvaju se neograni\u010deno. To je kako bismo mogli automatski prepoznati i odobriti sve naknadne komentare umjesto da ih dr\u017eimo u redu \u010dekanja za moderaciju. <\/p>\n\n<p>Za korisnike koji se registriraju na na\u0161oj web stranici (ako ih ima), tako\u0111er pohranjujemo osobne podatke koje pru\u017eaju u svom korisni\u010dkom profilu. Svi korisnici mogu u bilo kojem trenutku vidjeti, urediti ili izbrisati svoje osobne podatke (osim \u0161to ne mogu promijeniti svoje korisni\u010dko ime). Administratori web stranice tako\u0111er mogu vidjeti i urediti te podatke.  <\/p>\n\n<h2 class=\"wp-block-heading\">Koja prava imate nad svojim podacima<\/h2>\n\n<p>Ako imate ra\u010dun na ovoj stranici ili ste ostavili komentare, mo\u017eete zatra\u017eiti primanje izvezene datoteke osobnih podataka koje dr\u017eimo o vama, uklju\u010duju\u0107i sve podatke koje ste nam pru\u017eili. Tako\u0111er mo\u017eete zatra\u017eiti da izbri\u0161emo sve osobne podatke koje dr\u017eimo o vama. To ne uklju\u010duje podatke koje smo du\u017eni \u010duvati u administrativne, pravne ili sigurnosne svrhe.  <\/p>\n\n<h2 class=\"wp-block-heading\">Gdje se \u0161alju va\u0161i podaci<\/h2>\n\n<p>Komentari posjetitelja mogu se provjeravati putem automatizirane usluge za otkrivanje ne\u017eeljene po\u0161te.<\/p>\n\n<p> <\/p>\t\t\t\t\t\t\t\t<\/div>\n\t\t\t\t\t<\/div>\n\t\t\t\t<\/div>\n\t\t\t\t<\/div>\n\t\t","protected":false},"excerpt":{"rendered":"<p>Pravila privatnosti Tko smo mi Adresa na\u0161e web stranice je: https:\/\/codemodels.ai. Komentari Kada posjetitelji ostavljaju komentare na stranici, prikupljamo podatke prikazane u obrascu za komentare, kao i IP adresu posjetitelja i niz korisni\u010dkog agenta preglednika radi pomo\u0107i u otkrivanju ne\u017eeljene po\u0161te. Anonimiziran niz znakova kreiran iz va\u0161e adrese e-po\u0161te (nazvan i hash) mo\u017ee biti proslije\u0111en [&hellip;]<\/p>\n","protected":false},"author":1,"featured_media":0,"parent":0,"menu_order":0,"comment_status":"closed","ping_status":"closed","template":"","meta":{"_acf_changed":false,"footnotes":""},"class_list":["post-4765","page","type-page","status-publish","hentry"],"acf":[],"_links":{"self":[{"href":"https:\/\/codemodels.ai\/hr\/wp-json\/wp\/v2\/pages\/4765","targetHints":{"allow":["GET"]}}],"collection":[{"href":"https:\/\/codemodels.ai\/hr\/wp-json\/wp\/v2\/pages"}],"about":[{"href":"https:\/\/codemodels.ai\/hr\/wp-json\/wp\/v2\/types\/page"}],"author":[{"embeddable":true,"href":"https:\/\/codemodels.ai\/hr\/wp-json\/wp\/v2\/users\/1"}],"replies":[{"embeddable":true,"href":"https:\/\/codemodels.ai\/hr\/wp-json\/wp\/v2\/comments?post=4765"}],"version-history":[{"count":3,"href":"https:\/\/codemodels.ai\/hr\/wp-json\/wp\/v2\/pages\/4765\/revisions"}],"predecessor-version":[{"id":4768,"href":"https:\/\/codemodels.ai\/hr\/wp-json\/wp\/v2\/pages\/4765\/revisions\/4768"}],"wp:attachment":[{"href":"https:\/\/codemodels.ai\/hr\/wp-json\/wp\/v2\/media?parent=4765"}],"curies":[{"name":"wp","href":"https:\/\/api.w.org\/{rel}","templated":true}]}}