{"id":4723,"date":"2026-03-11T01:33:54","date_gmt":"2026-03-11T00:33:54","guid":{"rendered":"https:\/\/codemodels.ai\/noa-laurent\/"},"modified":"2026-04-11T18:09:49","modified_gmt":"2026-04-11T16:09:49","slug":"noa-laurent","status":"publish","type":"page","link":"https:\/\/codemodels.ai\/hr\/noa-laurent\/","title":{"rendered":"Noa Laurent"},"content":{"rendered":"\t\t<div data-elementor-type=\"wp-page\" data-elementor-id=\"4723\" class=\"elementor elementor-4723 elementor-4145\" data-elementor-post-type=\"page\">\n\t\t\t\t\t\t<section class=\"elementor-section elementor-top-section elementor-element elementor-element-2a4fe7c7 elementor-section-full_width elementor-section-height-default elementor-section-height-default\" data-id=\"2a4fe7c7\" data-element_type=\"section\" data-e-type=\"section\">\n\t\t\t\t\t\t<div class=\"elementor-container elementor-column-gap-default\">\n\t\t\t\t\t<div class=\"elementor-column elementor-col-100 elementor-top-column elementor-element elementor-element-b4e406c animated-slow elementor-invisible\" data-id=\"b4e406c\" data-element_type=\"column\" data-e-type=\"column\" data-settings=\"{&quot;animation&quot;:&quot;fadeIn&quot;}\">\n\t\t\t<div class=\"elementor-widget-wrap elementor-element-populated\">\n\t\t\t\t\t\t<div class=\"elementor-element elementor-element-9741626 elementor-widget elementor-widget-yprm_heading\" data-id=\"9741626\" data-element_type=\"widget\" data-e-type=\"widget\" data-widget_type=\"yprm_heading.default\">\n\t\t\t\t<div class=\"elementor-widget-container\">\n\t\t\t\t\t\t\t\t<div class=\"heading-block tac\">\n\t\t\t\t                  <h2 class=\"h\">NOA LAURENT<\/h2>\n        \t\t\t<\/div>\n              <div class=\"heading-content\">Noa Laurent je digitalni model \u010dija ko\u017ea, obilje\u017eena vitiligom, stvara prepoznatljiv i nezaboravan vizualni identitet. Svaki kontrast izme\u0111u svijetlih i tamnih tonova pri\u010da pri\u010du o dubini i zna\u010denju \u2013 poput umjetni\u010dkog platna koje pripovijeda vlastitu pri\u010du.<br \/>\nNjezina prisutnost odmah privla\u010di pa\u017enju, a spoj profinjene estetike i jedinstvenog izgleda \u010dini je simbolom moderne ljepote i inkluzivnosti. Ona je ambasadorica raznolikosti, samopouzdanja i autenti\u010dnosti.<br \/>\nNjezina ko\u017ea njezin je potpis i na\u010din izra\u017eavanja: svaka nijansa i kontrast odra\u017eavaju hrabrost i eleganciju koja nadilazi konvencionalne modne norme. Noa pokazuje da ljepota nije jednoli\u010dna, ve\u0107 \u017eivi u razlikama i detaljima koji svaku osobu \u010dine jedinstvenom.<br \/>\n<br \/>\nU modnom svijetu Noa se isti\u010de minimalisti\u010dkim editorijalima i luksuznim kampanjama, u kojima svjetlost i boja nagla\u0161avaju jedinstvenost njezine ko\u017ee. Njezina vizualna estetika spaja umjetni\u010dki koncept i pristupa\u010dnost, stvaraju\u0107i slike koje nadahnjuju i poti\u010du razmi\u0161ljanje o ljepoti, identitetu i inkluzivnosti.<br \/>\nIako je digitalni model, Noa zra\u010di toplinom, samopouzdanjem i sna\u017enim osje\u0107ajem karaktera. Opisuju je kao promi\u0161ljenu i profinjenu digitalnu osobnost koja svojim vizualnim prisustvom mijenja percepciju mode i ljepote.<br \/>\nNjezina ko\u017ea nije ograni\u010denje, ve\u0107 snaga \u2013 simbol inovacije i kreativnog izraza u virtualnom svijetu. Noa Laurent lice je koje dokazuje da prava elegancija proizlazi iz autenti\u010dnosti.<br \/>\n<\/div>\n      \t\t\t\t\t\t<\/div>\n\t\t\t\t<\/div>\n\t\t\t\t<div class=\"elementor-element elementor-element-4d8177d9 elementor-hidden-desktop elementor-hidden-tablet elementor-hidden-mobile elementor-widget elementor-widget-yprm_button\" data-id=\"4d8177d9\" data-element_type=\"widget\" data-e-type=\"widget\" data-widget_type=\"yprm_button.default\">\n\t\t\t\t<div class=\"elementor-widget-container\">\n\t\t\t\t\t\r\n\t\t<div class=\"button-container\">\r\n\t\t\t<a class=\"button-elementor button-style1\" href=\"#\" target=\"_self\">\r\n\t\t\t\t<i class=\"fab fa-instagram\"><\/i>\t\t\t\t<span>#<\/span>\r\n\t\t\t\t\t\t\t<\/a>\r\n\t\t<\/div>\r\n\r\n\t\t\t\t\t\t<\/div>\n\t\t\t\t<\/div>\n\t\t\t\t<div class=\"elementor-element elementor-element-46c23728 elementor-widget elementor-widget-yprm_gallery\" data-id=\"46c23728\" data-element_type=\"widget\" data-e-type=\"widget\" data-settings=\"{&quot;gallery_layout&quot;:&quot;masonry&quot;,&quot;content_hover_animation&quot;:&quot;type_3&quot;,&quot;cols_sm&quot;:1,&quot;cols_md&quot;:2,&quot;cols_lg&quot;:3}\" data-widget_type=\"yprm_gallery.default\">\n\t\t\t\t<div class=\"elementor-widget-container\">\n\t\t\t\t\t        <div data-portfolio-settings=\"{&quot;gallery_layout&quot;:&quot;masonry&quot;}\" id=\"project-slider-69e3622cd7d88\" class=\"project-grid-page elementor-block gallery-block\">\n                    <div class=\"portfolio_hover_type_3 post-gallery-grid row popup-gallery gallery-type-masonry\"><div class=\"grid-sizer col-1\"><\/div>\n                <div class=\"portfolio-item popup-item col-sm-12 col-md-6 col-lg-4\">\n                    <div class=\"wrap\">\n                                                    <div class=\"a-img\" data-original=\"https:\/\/codemodels.ai\/wp-content\/uploads\/2026\/03\/1-1.jpg\">\n                                <img fetchpriority=\"high\" decoding=\"async\" width=\"765\" height=\"1024\" src=\"https:\/\/codemodels.ai\/wp-content\/uploads\/2026\/03\/1-1-765x1024.jpg\" class=\"attachment-large size-large\" alt=\"\" \/><\/div>\n                        \n                        \n                        <a href=\"#\" data-popup-json=\"{&quot;image&quot;:{&quot;url&quot;:&quot;https:\\\/\\\/codemodels.ai\\\/wp-content\\\/uploads\\\/2026\\\/03\\\/1-1.jpg&quot;,&quot;w&quot;:1195,&quot;h&quot;:1600},&quot;post_id&quot;:4296}\"\n                            data-id=\"0\"><\/a>\n                    <\/div>\n                <\/div>\n                \n                <div class=\"portfolio-item popup-item col-sm-12 col-md-6 col-lg-4\">\n                    <div class=\"wrap\">\n                                                    <div class=\"a-img\" data-original=\"https:\/\/codemodels.ai\/wp-content\/uploads\/2026\/03\/2-1.jpg\">\n                                <img decoding=\"async\" width=\"765\" height=\"1024\" src=\"https:\/\/codemodels.ai\/wp-content\/uploads\/2026\/03\/2-1-765x1024.jpg\" class=\"attachment-large size-large\" alt=\"\" \/><\/div>\n                        \n                        \n                        <a href=\"#\" data-popup-json=\"{&quot;image&quot;:{&quot;url&quot;:&quot;https:\\\/\\\/codemodels.ai\\\/wp-content\\\/uploads\\\/2026\\\/03\\\/2-1.jpg&quot;,&quot;w&quot;:1195,&quot;h&quot;:1600},&quot;post_id&quot;:4297}\"\n                            data-id=\"1\"><\/a>\n                    <\/div>\n                <\/div>\n                \n                <div class=\"portfolio-item popup-item col-sm-12 col-md-6 col-lg-4\">\n                    <div class=\"wrap\">\n                                                    <div class=\"a-img\" data-original=\"https:\/\/codemodels.ai\/wp-content\/uploads\/2026\/03\/3-1.jpg\">\n                                <img decoding=\"async\" width=\"765\" height=\"1024\" src=\"https:\/\/codemodels.ai\/wp-content\/uploads\/2026\/03\/3-1-765x1024.jpg\" class=\"attachment-large size-large\" alt=\"\" \/><\/div>\n                        \n                        \n                        <a href=\"#\" data-popup-json=\"{&quot;image&quot;:{&quot;url&quot;:&quot;https:\\\/\\\/codemodels.ai\\\/wp-content\\\/uploads\\\/2026\\\/03\\\/3-1.jpg&quot;,&quot;w&quot;:1195,&quot;h&quot;:1600},&quot;post_id&quot;:4298}\"\n                            data-id=\"2\"><\/a>\n                    <\/div>\n                <\/div>\n                \n                <div class=\"portfolio-item popup-item col-sm-12 col-md-6 col-lg-4\">\n                    <div class=\"wrap\">\n                                                    <div class=\"a-img\" data-original=\"https:\/\/codemodels.ai\/wp-content\/uploads\/2026\/03\/4-1.jpg\">\n                                <img loading=\"lazy\" decoding=\"async\" width=\"765\" height=\"1024\" src=\"https:\/\/codemodels.ai\/wp-content\/uploads\/2026\/03\/4-1-765x1024.jpg\" class=\"attachment-large size-large\" alt=\"\" \/><\/div>\n                        \n                        \n                        <a href=\"#\" data-popup-json=\"{&quot;image&quot;:{&quot;url&quot;:&quot;https:\\\/\\\/codemodels.ai\\\/wp-content\\\/uploads\\\/2026\\\/03\\\/4-1.jpg&quot;,&quot;w&quot;:1195,&quot;h&quot;:1600},&quot;post_id&quot;:4299}\"\n                            data-id=\"3\"><\/a>\n                    <\/div>\n                <\/div>\n                \n                <div class=\"portfolio-item popup-item col-sm-12 col-md-6 col-lg-4\">\n                    <div class=\"wrap\">\n                                                    <div class=\"a-img\" data-original=\"https:\/\/codemodels.ai\/wp-content\/uploads\/2026\/03\/5-1.jpg\">\n                                <img loading=\"lazy\" decoding=\"async\" width=\"765\" height=\"1024\" src=\"https:\/\/codemodels.ai\/wp-content\/uploads\/2026\/03\/5-1-765x1024.jpg\" class=\"attachment-large size-large\" alt=\"\" \/><\/div>\n                        \n                        \n                        <a href=\"#\" data-popup-json=\"{&quot;image&quot;:{&quot;url&quot;:&quot;https:\\\/\\\/codemodels.ai\\\/wp-content\\\/uploads\\\/2026\\\/03\\\/5-1.jpg&quot;,&quot;w&quot;:1195,&quot;h&quot;:1600},&quot;post_id&quot;:4300}\"\n                            data-id=\"4\"><\/a>\n                    <\/div>\n                <\/div>\n                \n                <div class=\"portfolio-item popup-item col-sm-12 col-md-6 col-lg-4\">\n                    <div class=\"wrap\">\n                                                    <div class=\"a-img\" data-original=\"https:\/\/codemodels.ai\/wp-content\/uploads\/2026\/03\/6-1.jpg\">\n                                <img loading=\"lazy\" decoding=\"async\" width=\"765\" height=\"1024\" src=\"https:\/\/codemodels.ai\/wp-content\/uploads\/2026\/03\/6-1-765x1024.jpg\" class=\"attachment-large size-large\" alt=\"\" \/><\/div>\n                        \n                        \n                        <a href=\"#\" data-popup-json=\"{&quot;image&quot;:{&quot;url&quot;:&quot;https:\\\/\\\/codemodels.ai\\\/wp-content\\\/uploads\\\/2026\\\/03\\\/6-1.jpg&quot;,&quot;w&quot;:1195,&quot;h&quot;:1600},&quot;post_id&quot;:4301}\"\n                            data-id=\"5\"><\/a>\n                    <\/div>\n                <\/div>\n                \n                <div class=\"portfolio-item popup-item col-sm-12 col-md-6 col-lg-4\">\n                    <div class=\"wrap\">\n                                                    <div class=\"a-img\" data-original=\"https:\/\/codemodels.ai\/wp-content\/uploads\/2026\/03\/7-2.jpg\">\n                                <img loading=\"lazy\" decoding=\"async\" width=\"765\" height=\"1024\" src=\"https:\/\/codemodels.ai\/wp-content\/uploads\/2026\/03\/7-2-765x1024.jpg\" class=\"attachment-large size-large\" alt=\"\" \/><\/div>\n                        \n                        \n                        <a href=\"#\" data-popup-json=\"{&quot;image&quot;:{&quot;url&quot;:&quot;https:\\\/\\\/codemodels.ai\\\/wp-content\\\/uploads\\\/2026\\\/03\\\/7-2.jpg&quot;,&quot;w&quot;:1195,&quot;h&quot;:1600},&quot;post_id&quot;:4302}\"\n                            data-id=\"6\"><\/a>\n                    <\/div>\n                <\/div>\n                \n                <div class=\"portfolio-item popup-item col-sm-12 col-md-6 col-lg-4\">\n                    <div class=\"wrap\">\n                                                    <div class=\"a-img\" data-original=\"https:\/\/codemodels.ai\/wp-content\/uploads\/2026\/03\/8-1.jpg\">\n                                <img loading=\"lazy\" decoding=\"async\" width=\"765\" height=\"1024\" src=\"https:\/\/codemodels.ai\/wp-content\/uploads\/2026\/03\/8-1-765x1024.jpg\" class=\"attachment-large size-large\" alt=\"\" \/><\/div>\n                        \n                        \n                        <a href=\"#\" data-popup-json=\"{&quot;image&quot;:{&quot;url&quot;:&quot;https:\\\/\\\/codemodels.ai\\\/wp-content\\\/uploads\\\/2026\\\/03\\\/8-1.jpg&quot;,&quot;w&quot;:1195,&quot;h&quot;:1600},&quot;post_id&quot;:4303}\"\n                            data-id=\"7\"><\/a>\n                    <\/div>\n                <\/div>\n                \n                <div class=\"portfolio-item popup-item col-sm-12 col-md-6 col-lg-4\">\n                    <div class=\"wrap\">\n                                                    <div class=\"a-img\" data-original=\"https:\/\/codemodels.ai\/wp-content\/uploads\/2026\/03\/9-1.jpg\">\n                                <img loading=\"lazy\" decoding=\"async\" width=\"765\" height=\"1024\" src=\"https:\/\/codemodels.ai\/wp-content\/uploads\/2026\/03\/9-1-765x1024.jpg\" class=\"attachment-large size-large\" alt=\"\" \/><\/div>\n                        \n                        \n                        <a href=\"#\" data-popup-json=\"{&quot;image&quot;:{&quot;url&quot;:&quot;https:\\\/\\\/codemodels.ai\\\/wp-content\\\/uploads\\\/2026\\\/03\\\/9-1.jpg&quot;,&quot;w&quot;:1195,&quot;h&quot;:1600},&quot;post_id&quot;:4304}\"\n                            data-id=\"8\"><\/a>\n                    <\/div>\n                <\/div>\n                \n                <div class=\"portfolio-item popup-item col-sm-12 col-md-6 col-lg-4\">\n                    <div class=\"wrap\">\n                                                    <div class=\"a-img\" data-original=\"https:\/\/codemodels.ai\/wp-content\/uploads\/2026\/03\/10-1.jpg\">\n                                <img loading=\"lazy\" decoding=\"async\" width=\"765\" height=\"1024\" src=\"https:\/\/codemodels.ai\/wp-content\/uploads\/2026\/03\/10-1-765x1024.jpg\" class=\"attachment-large size-large\" alt=\"\" \/><\/div>\n                        \n                        \n                        <a href=\"#\" data-popup-json=\"{&quot;image&quot;:{&quot;url&quot;:&quot;https:\\\/\\\/codemodels.ai\\\/wp-content\\\/uploads\\\/2026\\\/03\\\/10-1.jpg&quot;,&quot;w&quot;:1195,&quot;h&quot;:1600},&quot;post_id&quot;:4305}\"\n                            data-id=\"9\"><\/a>\n                    <\/div>\n                <\/div>\n                \n                <div class=\"portfolio-item popup-item col-sm-12 col-md-6 col-lg-4\">\n                    <div class=\"wrap\">\n                                                    <div class=\"a-img\" data-original=\"https:\/\/codemodels.ai\/wp-content\/uploads\/2026\/03\/11-2.jpg\">\n                                <img loading=\"lazy\" decoding=\"async\" width=\"765\" height=\"1024\" src=\"https:\/\/codemodels.ai\/wp-content\/uploads\/2026\/03\/11-2-765x1024.jpg\" class=\"attachment-large size-large\" alt=\"\" \/><\/div>\n                        \n                        \n                        <a href=\"#\" data-popup-json=\"{&quot;image&quot;:{&quot;url&quot;:&quot;https:\\\/\\\/codemodels.ai\\\/wp-content\\\/uploads\\\/2026\\\/03\\\/11-2.jpg&quot;,&quot;w&quot;:1195,&quot;h&quot;:1600},&quot;post_id&quot;:4306}\"\n                            data-id=\"10\"><\/a>\n                    <\/div>\n                <\/div>\n                \n                <div class=\"portfolio-item popup-item col-sm-12 col-md-6 col-lg-4\">\n                    <div class=\"wrap\">\n                                                    <div class=\"a-img\" data-original=\"https:\/\/codemodels.ai\/wp-content\/uploads\/2026\/03\/12-1.jpg\">\n                                <img loading=\"lazy\" decoding=\"async\" width=\"765\" height=\"1024\" src=\"https:\/\/codemodels.ai\/wp-content\/uploads\/2026\/03\/12-1-765x1024.jpg\" class=\"attachment-large size-large\" alt=\"\" \/><\/div>\n                        \n                        \n                        <a href=\"#\" data-popup-json=\"{&quot;image&quot;:{&quot;url&quot;:&quot;https:\\\/\\\/codemodels.ai\\\/wp-content\\\/uploads\\\/2026\\\/03\\\/12-1.jpg&quot;,&quot;w&quot;:1195,&quot;h&quot;:1600},&quot;post_id&quot;:4307}\"\n                            data-id=\"11\"><\/a>\n                    <\/div>\n                <\/div>\n                \n            <\/div>                        <\/div>\n        \t\t\t\t<\/div>\n\t\t\t\t<\/div>\n\t\t\t\t\t<\/div>\n\t\t<\/div>\n\t\t\t\t\t<\/div>\n\t\t<\/section>\n\t\t\t\t<section class=\"elementor-section elementor-top-section elementor-element elementor-element-d2a77ad elementor-section-boxed elementor-section-height-default elementor-section-height-default\" data-id=\"d2a77ad\" data-element_type=\"section\" data-e-type=\"section\">\n\t\t\t\t\t\t<div class=\"elementor-container elementor-column-gap-default\">\n\t\t\t\t\t<div class=\"elementor-column elementor-col-100 elementor-top-column elementor-element elementor-element-fe2f445 animated-slow elementor-invisible\" data-id=\"fe2f445\" data-element_type=\"column\" data-e-type=\"column\" data-settings=\"{&quot;animation&quot;:&quot;fadeIn&quot;}\">\n\t\t\t<div class=\"elementor-widget-wrap elementor-element-populated\">\n\t\t\t\t\t\t<div class=\"elementor-element elementor-element-1351564 elementor-widget elementor-widget-yprm_heading\" data-id=\"1351564\" data-element_type=\"widget\" data-e-type=\"widget\" data-widget_type=\"yprm_heading.default\">\n\t\t\t\t<div class=\"elementor-widget-container\">\n\t\t\t\t\t\t\t\t<div class=\"heading-block tac\">\n\t\t\t\t                  <h3 class=\"h\">Anga\u017eiraj Nou sada<\/h3>\n        \t\t\t<\/div>\n      \t\t\t\t\t\t<\/div>\n\t\t\t\t<\/div>\n\t\t\t\t<div class=\"elementor-element elementor-element-229cc5a elementor-widget elementor-widget-shortcode\" data-id=\"229cc5a\" data-element_type=\"widget\" data-e-type=\"widget\" data-widget_type=\"shortcode.default\">\n\t\t\t\t\t\t\t<div class=\"elementor-shortcode\">\n<div class=\"wpcf7 no-js\" id=\"wpcf7-f4477-o1\" lang=\"hr\" dir=\"ltr\" data-wpcf7-id=\"4477\">\n<div class=\"screen-reader-response\"><p role=\"status\" aria-live=\"polite\" aria-atomic=\"true\"><\/p> <ul><\/ul><\/div>\n<form action=\"\/hr\/wp-json\/wp\/v2\/pages\/4723#wpcf7-f4477-o1\" method=\"post\" class=\"wpcf7-form init\" aria-label=\"Kontakt obrazac\" novalidate=\"novalidate\" data-status=\"init\">\n<fieldset class=\"hidden-fields-container\"><input type=\"hidden\" name=\"_wpcf7\" value=\"4477\" \/><input type=\"hidden\" name=\"_wpcf7_version\" value=\"6.1.5\" \/><input type=\"hidden\" name=\"_wpcf7_locale\" value=\"hr\" \/><input type=\"hidden\" name=\"_wpcf7_unit_tag\" value=\"wpcf7-f4477-o1\" \/><input type=\"hidden\" name=\"_wpcf7_container_post\" value=\"0\" \/><input type=\"hidden\" name=\"_wpcf7_posted_data_hash\" value=\"\" \/>\n<\/fieldset>\n<div class=\"contact-form row\">\n  <div class=\"col-12 col-sm-6\"><span class=\"wpcf7-form-control-wrap\" data-name=\"f-name\"><input size=\"40\" maxlength=\"400\" class=\"wpcf7-form-control wpcf7-text wpcf7-validates-as-required style4\" aria-required=\"true\" aria-invalid=\"false\" placeholder=\"Unesite svoje ime...\" value=\"\" type=\"text\" name=\"f-name\" \/><\/span><\/div>\n  <div class=\"col-12 col-sm-6\"><span class=\"wpcf7-form-control-wrap\" data-name=\"f-mail\"><input size=\"40\" maxlength=\"400\" class=\"wpcf7-form-control wpcf7-email wpcf7-validates-as-required wpcf7-text wpcf7-validates-as-email style4\" aria-required=\"true\" aria-invalid=\"false\" placeholder=\"Unesite svoju e-po\u0161tu...\" value=\"\" type=\"email\" name=\"f-mail\" \/><\/span><\/div>\n  <div class=\"col-12\"><span class=\"wpcf7-form-control-wrap\" data-name=\"f-message\"><textarea cols=\"40\" rows=\"4\" maxlength=\"2000\" class=\"wpcf7-form-control wpcf7-textarea style4\" aria-invalid=\"false\" placeholder=\"Unesite svoj komentar...\" name=\"f-message\"><\/textarea><\/span><\/div>\n  <div class=\"col-12\"><button type=\"submit\" class=\"button-style2\">po\u0161aljite sada<\/button><\/div>\n<\/div><div class=\"wpcf7-response-output\" aria-hidden=\"true\"><\/div>\n<\/form>\n<\/div>\n<\/div>\n\t\t\t\t\t\t<\/div>\n\t\t\t\t\t<\/div>\n\t\t<\/div>\n\t\t\t\t\t<\/div>\n\t\t<\/section>\n\t\t\t\t<\/div>\n\t\t","protected":false},"excerpt":{"rendered":"<p>NOA LAURENT Noa Laurent je digitalni model \u010dija ko\u017ea, obilje\u017eena vitiligom, stvara prepoznatljiv i nezaboravan vizualni identitet. Svaki kontrast izme\u0111u svijetlih i tamnih tonova pri\u010da pri\u010du o dubini i zna\u010denju \u2013 poput umjetni\u010dkog platna koje pripovijeda vlastitu pri\u010du. Njezina prisutnost odmah privla\u010di pa\u017enju, a spoj profinjene estetike i jedinstvenog izgleda \u010dini je simbolom moderne ljepote [&hellip;]<\/p>\n","protected":false},"author":1,"featured_media":0,"parent":0,"menu_order":0,"comment_status":"closed","ping_status":"closed","template":"","meta":{"_acf_changed":false,"footnotes":""},"class_list":["post-4723","page","type-page","status-publish","hentry"],"acf":[],"_links":{"self":[{"href":"https:\/\/codemodels.ai\/hr\/wp-json\/wp\/v2\/pages\/4723","targetHints":{"allow":["GET"]}}],"collection":[{"href":"https:\/\/codemodels.ai\/hr\/wp-json\/wp\/v2\/pages"}],"about":[{"href":"https:\/\/codemodels.ai\/hr\/wp-json\/wp\/v2\/types\/page"}],"author":[{"embeddable":true,"href":"https:\/\/codemodels.ai\/hr\/wp-json\/wp\/v2\/users\/1"}],"replies":[{"embeddable":true,"href":"https:\/\/codemodels.ai\/hr\/wp-json\/wp\/v2\/comments?post=4723"}],"version-history":[{"count":4,"href":"https:\/\/codemodels.ai\/hr\/wp-json\/wp\/v2\/pages\/4723\/revisions"}],"predecessor-version":[{"id":4796,"href":"https:\/\/codemodels.ai\/hr\/wp-json\/wp\/v2\/pages\/4723\/revisions\/4796"}],"wp:attachment":[{"href":"https:\/\/codemodels.ai\/hr\/wp-json\/wp\/v2\/media?parent=4723"}],"curies":[{"name":"wp","href":"https:\/\/api.w.org\/{rel}","templated":true}]}}