{"id":4720,"date":"2026-03-11T01:32:01","date_gmt":"2026-03-11T00:32:01","guid":{"rendered":"https:\/\/codemodels.ai\/freya-quinn\/"},"modified":"2026-04-11T18:01:22","modified_gmt":"2026-04-11T16:01:22","slug":"freya-quinn","status":"publish","type":"page","link":"https:\/\/codemodels.ai\/hr\/freya-quinn\/","title":{"rendered":"Freya Quinn"},"content":{"rendered":"\t\t<div data-elementor-type=\"wp-page\" data-elementor-id=\"4720\" class=\"elementor elementor-4720 elementor-4127\" data-elementor-post-type=\"page\">\n\t\t\t\t\t\t<section class=\"elementor-section elementor-top-section elementor-element elementor-element-7fa62e36 elementor-section-full_width elementor-section-height-default elementor-section-height-default\" data-id=\"7fa62e36\" data-element_type=\"section\" data-e-type=\"section\">\n\t\t\t\t\t\t<div class=\"elementor-container elementor-column-gap-default\">\n\t\t\t\t\t<div class=\"elementor-column elementor-col-100 elementor-top-column elementor-element elementor-element-1ed0299c animated-slow elementor-invisible\" data-id=\"1ed0299c\" data-element_type=\"column\" data-e-type=\"column\" data-settings=\"{&quot;animation&quot;:&quot;fadeIn&quot;}\">\n\t\t\t<div class=\"elementor-widget-wrap elementor-element-populated\">\n\t\t\t\t\t\t<div class=\"elementor-element elementor-element-90457bb elementor-widget elementor-widget-yprm_heading\" data-id=\"90457bb\" data-element_type=\"widget\" data-e-type=\"widget\" data-widget_type=\"yprm_heading.default\">\n\t\t\t\t<div class=\"elementor-widget-container\">\n\t\t\t\t\t\t\t\t<div class=\"heading-block tac\">\n\t\t\t\t                  <h2 class=\"h\">FREYA QUINN<\/h2>\n        \t\t\t<\/div>\n              <div class=\"heading-content\">Freya Quinn je digitalni model ri\u0111e kose \u010dije lice, prekriveno pjegicama, pri\u010da pri\u010du o karakteru, znati\u017eelji i mladena\u010dkom duhu. Njezina vatreno crvena kosa i konstelacija pjega stvaraju sna\u017ean vizualni identitet \u2013 prepoznatljiv i upe\u010datljiv, poput \u017eivog umjetni\u010dkog platna.<br \/>\nSvaka pjegica na njezinu licu odra\u017eava individualnost i spontanost, ostavljaju\u0107i dojam da svaki osmijeh i pogled nose vlastitu pri\u010du. Njezina je energija dinami\u010dna, zaigrana i pomalo buntovna \u2013 kao da svaki kadar zra\u010di \u017eivom emocijom.<br \/>\nNe podlije\u017ee tradicionalnim standardima ljepote, ve\u0107 slavi autenti\u010dnost, individualnost i prirodnu \u017eivost koja o\u010darava.<br \/>\n<br \/>\nU vizualnom svijetu Freya se isti\u010de upe\u010datljivim kontrastima boja: crvena kosa, svijetla put i bezbroj pjega \u010dine svaki editorial ili kampanju jedinstvenima. Njezine fotografije hvataju spontanost, pokret i iskrenu prisutnost \u2013 bez obzira pojavljuje li se u prirodi, urbanom prostoru ili minimalisti\u010dkom studiju.<br \/>\nSvaka scena nosi dozu \u017eivosti i nepredvidivosti \u2013 ba\u0161 poput Freye same. Iako je digitalni model, stvorena je s dubinom i osobno\u0161\u0107u. Opisuju je kao promi\u0161ljenu, znati\u017eeljnu i svjesnu sebe; njezina prisutnost simbolizira slavljenje individualnosti u modi, pokazuju\u0107i kako svaka takozvana \u201enesavr\u0161enost\u201c \u2013 poput pjega \u2013 mo\u017ee postati simbol ljepote i izraza.<br \/>\nFreya Quinn nije samo digitalni model \u2013 ona je oda prirodnoj ljepoti, energiji i osobnom karakteru, lice koje o\u010darava svojim pri\u010dama i vizualnim duhom.<\/div>\n      \t\t\t\t\t\t<\/div>\n\t\t\t\t<\/div>\n\t\t\t\t<div class=\"elementor-element elementor-element-32dd6b2d elementor-hidden-desktop elementor-hidden-tablet elementor-hidden-mobile elementor-widget elementor-widget-yprm_button\" data-id=\"32dd6b2d\" data-element_type=\"widget\" data-e-type=\"widget\" data-widget_type=\"yprm_button.default\">\n\t\t\t\t<div class=\"elementor-widget-container\">\n\t\t\t\t\t\r\n\t\t<div class=\"button-container\">\r\n\t\t\t<a class=\"button-elementor button-style1\" href=\"#\" target=\"_self\">\r\n\t\t\t\t<i class=\"fab fa-instagram\"><\/i>\t\t\t\t<span>#<\/span>\r\n\t\t\t\t\t\t\t<\/a>\r\n\t\t<\/div>\r\n\r\n\t\t\t\t\t\t<\/div>\n\t\t\t\t<\/div>\n\t\t\t\t<div class=\"elementor-element elementor-element-502a21dc elementor-widget elementor-widget-yprm_gallery\" data-id=\"502a21dc\" data-element_type=\"widget\" data-e-type=\"widget\" data-settings=\"{&quot;gallery_layout&quot;:&quot;masonry&quot;,&quot;content_hover_animation&quot;:&quot;type_3&quot;,&quot;cols_sm&quot;:1,&quot;cols_md&quot;:2,&quot;cols_lg&quot;:3}\" data-widget_type=\"yprm_gallery.default\">\n\t\t\t\t<div class=\"elementor-widget-container\">\n\t\t\t\t\t        <div data-portfolio-settings=\"{&quot;gallery_layout&quot;:&quot;masonry&quot;}\" id=\"project-slider-69e3620aafbc7\" class=\"project-grid-page elementor-block gallery-block\">\n                    <div class=\"portfolio_hover_type_3 post-gallery-grid row popup-gallery gallery-type-masonry\"><div class=\"grid-sizer col-1\"><\/div>\n                <div class=\"portfolio-item popup-item col-sm-12 col-md-6 col-lg-4\">\n                    <div class=\"wrap\">\n                                                    <div class=\"a-img\" data-original=\"https:\/\/codemodels.ai\/wp-content\/uploads\/2026\/03\/1-2.jpg\">\n                                <img fetchpriority=\"high\" decoding=\"async\" width=\"765\" height=\"1024\" src=\"https:\/\/codemodels.ai\/wp-content\/uploads\/2026\/03\/1-2-765x1024.jpg\" class=\"attachment-large size-large\" alt=\"\" \/><\/div>\n                        \n                        \n                        <a href=\"#\" data-popup-json=\"{&quot;image&quot;:{&quot;url&quot;:&quot;https:\\\/\\\/codemodels.ai\\\/wp-content\\\/uploads\\\/2026\\\/03\\\/1-2.jpg&quot;,&quot;w&quot;:1195,&quot;h&quot;:1600},&quot;post_id&quot;:4320}\"\n                            data-id=\"0\"><\/a>\n                    <\/div>\n                <\/div>\n                \n                <div class=\"portfolio-item popup-item col-sm-12 col-md-6 col-lg-4\">\n                    <div class=\"wrap\">\n                                                    <div class=\"a-img\" data-original=\"https:\/\/codemodels.ai\/wp-content\/uploads\/2026\/03\/2-2.jpg\">\n                                <img decoding=\"async\" width=\"765\" height=\"1024\" src=\"https:\/\/codemodels.ai\/wp-content\/uploads\/2026\/03\/2-2-765x1024.jpg\" class=\"attachment-large size-large\" alt=\"\" \/><\/div>\n                        \n                        \n                        <a href=\"#\" data-popup-json=\"{&quot;image&quot;:{&quot;url&quot;:&quot;https:\\\/\\\/codemodels.ai\\\/wp-content\\\/uploads\\\/2026\\\/03\\\/2-2.jpg&quot;,&quot;w&quot;:1195,&quot;h&quot;:1600},&quot;post_id&quot;:4321}\"\n                            data-id=\"1\"><\/a>\n                    <\/div>\n                <\/div>\n                \n                <div class=\"portfolio-item popup-item col-sm-12 col-md-6 col-lg-4\">\n                    <div class=\"wrap\">\n                                                    <div class=\"a-img\" data-original=\"https:\/\/codemodels.ai\/wp-content\/uploads\/2026\/03\/3-2.jpg\">\n                                <img decoding=\"async\" width=\"765\" height=\"1024\" src=\"https:\/\/codemodels.ai\/wp-content\/uploads\/2026\/03\/3-2-765x1024.jpg\" class=\"attachment-large size-large\" alt=\"\" \/><\/div>\n                        \n                        \n                        <a href=\"#\" data-popup-json=\"{&quot;image&quot;:{&quot;url&quot;:&quot;https:\\\/\\\/codemodels.ai\\\/wp-content\\\/uploads\\\/2026\\\/03\\\/3-2.jpg&quot;,&quot;w&quot;:1195,&quot;h&quot;:1600},&quot;post_id&quot;:4322}\"\n                            data-id=\"2\"><\/a>\n                    <\/div>\n                <\/div>\n                \n                <div class=\"portfolio-item popup-item col-sm-12 col-md-6 col-lg-4\">\n                    <div class=\"wrap\">\n                                                    <div class=\"a-img\" data-original=\"https:\/\/codemodels.ai\/wp-content\/uploads\/2026\/03\/4-2.jpg\">\n                                <img loading=\"lazy\" decoding=\"async\" width=\"765\" height=\"1024\" src=\"https:\/\/codemodels.ai\/wp-content\/uploads\/2026\/03\/4-2-765x1024.jpg\" class=\"attachment-large size-large\" alt=\"\" \/><\/div>\n                        \n                        \n                        <a href=\"#\" data-popup-json=\"{&quot;image&quot;:{&quot;url&quot;:&quot;https:\\\/\\\/codemodels.ai\\\/wp-content\\\/uploads\\\/2026\\\/03\\\/4-2.jpg&quot;,&quot;w&quot;:1195,&quot;h&quot;:1600},&quot;post_id&quot;:4323}\"\n                            data-id=\"3\"><\/a>\n                    <\/div>\n                <\/div>\n                \n                <div class=\"portfolio-item popup-item col-sm-12 col-md-6 col-lg-4\">\n                    <div class=\"wrap\">\n                                                    <div class=\"a-img\" data-original=\"https:\/\/codemodels.ai\/wp-content\/uploads\/2026\/03\/5-2.jpg\">\n                                <img loading=\"lazy\" decoding=\"async\" width=\"765\" height=\"1024\" src=\"https:\/\/codemodels.ai\/wp-content\/uploads\/2026\/03\/5-2-765x1024.jpg\" class=\"attachment-large size-large\" alt=\"\" \/><\/div>\n                        \n                        \n                        <a href=\"#\" data-popup-json=\"{&quot;image&quot;:{&quot;url&quot;:&quot;https:\\\/\\\/codemodels.ai\\\/wp-content\\\/uploads\\\/2026\\\/03\\\/5-2.jpg&quot;,&quot;w&quot;:1195,&quot;h&quot;:1600},&quot;post_id&quot;:4324}\"\n                            data-id=\"4\"><\/a>\n                    <\/div>\n                <\/div>\n                \n                <div class=\"portfolio-item popup-item col-sm-12 col-md-6 col-lg-4\">\n                    <div class=\"wrap\">\n                                                    <div class=\"a-img\" data-original=\"https:\/\/codemodels.ai\/wp-content\/uploads\/2026\/03\/6-2.jpg\">\n                                <img loading=\"lazy\" decoding=\"async\" width=\"765\" height=\"1024\" src=\"https:\/\/codemodels.ai\/wp-content\/uploads\/2026\/03\/6-2-765x1024.jpg\" class=\"attachment-large size-large\" alt=\"\" \/><\/div>\n                        \n                        \n                        <a href=\"#\" data-popup-json=\"{&quot;image&quot;:{&quot;url&quot;:&quot;https:\\\/\\\/codemodels.ai\\\/wp-content\\\/uploads\\\/2026\\\/03\\\/6-2.jpg&quot;,&quot;w&quot;:1195,&quot;h&quot;:1600},&quot;post_id&quot;:4325}\"\n                            data-id=\"5\"><\/a>\n                    <\/div>\n                <\/div>\n                \n                <div class=\"portfolio-item popup-item col-sm-12 col-md-6 col-lg-4\">\n                    <div class=\"wrap\">\n                                                    <div class=\"a-img\" data-original=\"https:\/\/codemodels.ai\/wp-content\/uploads\/2026\/03\/7.jpg\">\n                                <img loading=\"lazy\" decoding=\"async\" width=\"765\" height=\"1024\" src=\"https:\/\/codemodels.ai\/wp-content\/uploads\/2026\/03\/7-765x1024.jpg\" class=\"attachment-large size-large\" alt=\"\" \/><\/div>\n                        \n                        \n                        <a href=\"#\" data-popup-json=\"{&quot;image&quot;:{&quot;url&quot;:&quot;https:\\\/\\\/codemodels.ai\\\/wp-content\\\/uploads\\\/2026\\\/03\\\/7.jpg&quot;,&quot;w&quot;:1195,&quot;h&quot;:1600},&quot;post_id&quot;:4326}\"\n                            data-id=\"6\"><\/a>\n                    <\/div>\n                <\/div>\n                \n                <div class=\"portfolio-item popup-item col-sm-12 col-md-6 col-lg-4\">\n                    <div class=\"wrap\">\n                                                    <div class=\"a-img\" data-original=\"https:\/\/codemodels.ai\/wp-content\/uploads\/2026\/03\/8-2.jpg\">\n                                <img loading=\"lazy\" decoding=\"async\" width=\"765\" height=\"1024\" src=\"https:\/\/codemodels.ai\/wp-content\/uploads\/2026\/03\/8-2-765x1024.jpg\" class=\"attachment-large size-large\" alt=\"\" \/><\/div>\n                        \n                        \n                        <a href=\"#\" data-popup-json=\"{&quot;image&quot;:{&quot;url&quot;:&quot;https:\\\/\\\/codemodels.ai\\\/wp-content\\\/uploads\\\/2026\\\/03\\\/8-2.jpg&quot;,&quot;w&quot;:1195,&quot;h&quot;:1600},&quot;post_id&quot;:4327}\"\n                            data-id=\"7\"><\/a>\n                    <\/div>\n                <\/div>\n                \n                <div class=\"portfolio-item popup-item col-sm-12 col-md-6 col-lg-4\">\n                    <div class=\"wrap\">\n                                                    <div class=\"a-img\" data-original=\"https:\/\/codemodels.ai\/wp-content\/uploads\/2026\/03\/9-2.jpg\">\n                                <img loading=\"lazy\" decoding=\"async\" width=\"765\" height=\"1024\" src=\"https:\/\/codemodels.ai\/wp-content\/uploads\/2026\/03\/9-2-765x1024.jpg\" class=\"attachment-large size-large\" alt=\"\" \/><\/div>\n                        \n                        \n                        <a href=\"#\" data-popup-json=\"{&quot;image&quot;:{&quot;url&quot;:&quot;https:\\\/\\\/codemodels.ai\\\/wp-content\\\/uploads\\\/2026\\\/03\\\/9-2.jpg&quot;,&quot;w&quot;:1195,&quot;h&quot;:1600},&quot;post_id&quot;:4328}\"\n                            data-id=\"8\"><\/a>\n                    <\/div>\n                <\/div>\n                \n                <div class=\"portfolio-item popup-item col-sm-12 col-md-6 col-lg-4\">\n                    <div class=\"wrap\">\n                                                    <div class=\"a-img\" data-original=\"https:\/\/codemodels.ai\/wp-content\/uploads\/2026\/03\/10-2.jpg\">\n                                <img loading=\"lazy\" decoding=\"async\" width=\"765\" height=\"1024\" src=\"https:\/\/codemodels.ai\/wp-content\/uploads\/2026\/03\/10-2-765x1024.jpg\" class=\"attachment-large size-large\" alt=\"\" \/><\/div>\n                        \n                        \n                        <a href=\"#\" data-popup-json=\"{&quot;image&quot;:{&quot;url&quot;:&quot;https:\\\/\\\/codemodels.ai\\\/wp-content\\\/uploads\\\/2026\\\/03\\\/10-2.jpg&quot;,&quot;w&quot;:1195,&quot;h&quot;:1600},&quot;post_id&quot;:4329}\"\n                            data-id=\"9\"><\/a>\n                    <\/div>\n                <\/div>\n                \n                <div class=\"portfolio-item popup-item col-sm-12 col-md-6 col-lg-4\">\n                    <div class=\"wrap\">\n                                                    <div class=\"a-img\" data-original=\"https:\/\/codemodels.ai\/wp-content\/uploads\/2026\/03\/11.jpg\">\n                                <img loading=\"lazy\" decoding=\"async\" width=\"765\" height=\"1024\" src=\"https:\/\/codemodels.ai\/wp-content\/uploads\/2026\/03\/11-765x1024.jpg\" class=\"attachment-large size-large\" alt=\"\" \/><\/div>\n                        \n                        \n                        <a href=\"#\" data-popup-json=\"{&quot;image&quot;:{&quot;url&quot;:&quot;https:\\\/\\\/codemodels.ai\\\/wp-content\\\/uploads\\\/2026\\\/03\\\/11.jpg&quot;,&quot;w&quot;:1195,&quot;h&quot;:1600},&quot;post_id&quot;:4330}\"\n                            data-id=\"10\"><\/a>\n                    <\/div>\n                <\/div>\n                \n                <div class=\"portfolio-item popup-item col-sm-12 col-md-6 col-lg-4\">\n                    <div class=\"wrap\">\n                                                    <div class=\"a-img\" data-original=\"https:\/\/codemodels.ai\/wp-content\/uploads\/2026\/03\/12-2.jpg\">\n                                <img loading=\"lazy\" decoding=\"async\" width=\"765\" height=\"1024\" src=\"https:\/\/codemodels.ai\/wp-content\/uploads\/2026\/03\/12-2-765x1024.jpg\" class=\"attachment-large size-large\" alt=\"\" \/><\/div>\n                        \n                        \n                        <a href=\"#\" data-popup-json=\"{&quot;image&quot;:{&quot;url&quot;:&quot;https:\\\/\\\/codemodels.ai\\\/wp-content\\\/uploads\\\/2026\\\/03\\\/12-2.jpg&quot;,&quot;w&quot;:1195,&quot;h&quot;:1600},&quot;post_id&quot;:4331}\"\n                            data-id=\"11\"><\/a>\n                    <\/div>\n                <\/div>\n                \n            <\/div>                        <\/div>\n        \t\t\t\t<\/div>\n\t\t\t\t<\/div>\n\t\t\t\t\t<\/div>\n\t\t<\/div>\n\t\t\t\t\t<\/div>\n\t\t<\/section>\n\t\t\t\t<section class=\"elementor-section elementor-top-section elementor-element elementor-element-6a31206 elementor-section-boxed elementor-section-height-default elementor-section-height-default\" data-id=\"6a31206\" data-element_type=\"section\" data-e-type=\"section\">\n\t\t\t\t\t\t<div class=\"elementor-container elementor-column-gap-default\">\n\t\t\t\t\t<div class=\"elementor-column elementor-col-100 elementor-top-column elementor-element elementor-element-1e78e2f animated-slow elementor-invisible\" data-id=\"1e78e2f\" data-element_type=\"column\" data-e-type=\"column\" data-settings=\"{&quot;animation&quot;:&quot;fadeIn&quot;}\">\n\t\t\t<div class=\"elementor-widget-wrap elementor-element-populated\">\n\t\t\t\t\t\t<div class=\"elementor-element elementor-element-8c2b7ed elementor-widget elementor-widget-yprm_heading\" data-id=\"8c2b7ed\" data-element_type=\"widget\" data-e-type=\"widget\" data-widget_type=\"yprm_heading.default\">\n\t\t\t\t<div class=\"elementor-widget-container\">\n\t\t\t\t\t\t\t\t<div class=\"heading-block tac\">\n\t\t\t\t                  <h3 class=\"h\">Anga\u017eiraj Freyu sada<\/h3>\n        \t\t\t<\/div>\n      \t\t\t\t\t\t<\/div>\n\t\t\t\t<\/div>\n\t\t\t\t<div class=\"elementor-element elementor-element-b738238 elementor-widget elementor-widget-shortcode\" data-id=\"b738238\" data-element_type=\"widget\" data-e-type=\"widget\" data-widget_type=\"shortcode.default\">\n\t\t\t\t\t\t\t<div class=\"elementor-shortcode\">\n<div class=\"wpcf7 no-js\" id=\"wpcf7-f4477-o1\" lang=\"hr\" dir=\"ltr\" data-wpcf7-id=\"4477\">\n<div class=\"screen-reader-response\"><p role=\"status\" aria-live=\"polite\" aria-atomic=\"true\"><\/p> <ul><\/ul><\/div>\n<form action=\"\/hr\/wp-json\/wp\/v2\/pages\/4720#wpcf7-f4477-o1\" method=\"post\" class=\"wpcf7-form init\" aria-label=\"Kontakt obrazac\" novalidate=\"novalidate\" data-status=\"init\">\n<fieldset class=\"hidden-fields-container\"><input type=\"hidden\" name=\"_wpcf7\" value=\"4477\" \/><input type=\"hidden\" name=\"_wpcf7_version\" value=\"6.1.5\" \/><input type=\"hidden\" name=\"_wpcf7_locale\" value=\"hr\" \/><input type=\"hidden\" name=\"_wpcf7_unit_tag\" value=\"wpcf7-f4477-o1\" \/><input type=\"hidden\" name=\"_wpcf7_container_post\" value=\"0\" \/><input type=\"hidden\" name=\"_wpcf7_posted_data_hash\" value=\"\" \/>\n<\/fieldset>\n<div class=\"contact-form row\">\n  <div class=\"col-12 col-sm-6\"><span class=\"wpcf7-form-control-wrap\" data-name=\"f-name\"><input size=\"40\" maxlength=\"400\" class=\"wpcf7-form-control wpcf7-text wpcf7-validates-as-required style4\" aria-required=\"true\" aria-invalid=\"false\" placeholder=\"Unesite svoje ime...\" value=\"\" type=\"text\" name=\"f-name\" \/><\/span><\/div>\n  <div class=\"col-12 col-sm-6\"><span class=\"wpcf7-form-control-wrap\" data-name=\"f-mail\"><input size=\"40\" maxlength=\"400\" class=\"wpcf7-form-control wpcf7-email wpcf7-validates-as-required wpcf7-text wpcf7-validates-as-email style4\" aria-required=\"true\" aria-invalid=\"false\" placeholder=\"Unesite svoju e-po\u0161tu...\" value=\"\" type=\"email\" name=\"f-mail\" \/><\/span><\/div>\n  <div class=\"col-12\"><span class=\"wpcf7-form-control-wrap\" data-name=\"f-message\"><textarea cols=\"40\" rows=\"4\" maxlength=\"2000\" class=\"wpcf7-form-control wpcf7-textarea style4\" aria-invalid=\"false\" placeholder=\"Unesite svoj komentar...\" name=\"f-message\"><\/textarea><\/span><\/div>\n  <div class=\"col-12\"><button type=\"submit\" class=\"button-style2\">po\u0161aljite sada<\/button><\/div>\n<\/div><div class=\"wpcf7-response-output\" aria-hidden=\"true\"><\/div>\n<\/form>\n<\/div>\n<\/div>\n\t\t\t\t\t\t<\/div>\n\t\t\t\t\t<\/div>\n\t\t<\/div>\n\t\t\t\t\t<\/div>\n\t\t<\/section>\n\t\t\t\t<\/div>\n\t\t","protected":false},"excerpt":{"rendered":"<p>FREYA QUINN Freya Quinn je digitalni model ri\u0111e kose \u010dije lice, prekriveno pjegicama, pri\u010da pri\u010du o karakteru, znati\u017eelji i mladena\u010dkom duhu. Njezina vatreno crvena kosa i konstelacija pjega stvaraju sna\u017ean vizualni identitet \u2013 prepoznatljiv i upe\u010datljiv, poput \u017eivog umjetni\u010dkog platna. Svaka pjegica na njezinu licu odra\u017eava individualnost i spontanost, ostavljaju\u0107i dojam da svaki osmijeh i [&hellip;]<\/p>\n","protected":false},"author":1,"featured_media":0,"parent":0,"menu_order":0,"comment_status":"closed","ping_status":"closed","template":"","meta":{"_acf_changed":false,"footnotes":""},"class_list":["post-4720","page","type-page","status-publish","hentry"],"acf":[],"_links":{"self":[{"href":"https:\/\/codemodels.ai\/hr\/wp-json\/wp\/v2\/pages\/4720","targetHints":{"allow":["GET"]}}],"collection":[{"href":"https:\/\/codemodels.ai\/hr\/wp-json\/wp\/v2\/pages"}],"about":[{"href":"https:\/\/codemodels.ai\/hr\/wp-json\/wp\/v2\/types\/page"}],"author":[{"embeddable":true,"href":"https:\/\/codemodels.ai\/hr\/wp-json\/wp\/v2\/users\/1"}],"replies":[{"embeddable":true,"href":"https:\/\/codemodels.ai\/hr\/wp-json\/wp\/v2\/comments?post=4720"}],"version-history":[{"count":4,"href":"https:\/\/codemodels.ai\/hr\/wp-json\/wp\/v2\/pages\/4720\/revisions"}],"predecessor-version":[{"id":4790,"href":"https:\/\/codemodels.ai\/hr\/wp-json\/wp\/v2\/pages\/4720\/revisions\/4790"}],"wp:attachment":[{"href":"https:\/\/codemodels.ai\/hr\/wp-json\/wp\/v2\/media?parent=4720"}],"curies":[{"name":"wp","href":"https:\/\/api.w.org\/{rel}","templated":true}]}}