{"id":4714,"date":"2026-03-11T01:26:40","date_gmt":"2026-03-11T00:26:40","guid":{"rendered":"https:\/\/codemodels.ai\/alina-voss\/"},"modified":"2026-04-11T17:57:13","modified_gmt":"2026-04-11T15:57:13","slug":"alina-voss","status":"publish","type":"page","link":"https:\/\/codemodels.ai\/hr\/alina-voss\/","title":{"rendered":"Alina Voss"},"content":{"rendered":"\t\t<div data-elementor-type=\"wp-page\" data-elementor-id=\"4714\" class=\"elementor elementor-4714 elementor-4109\" data-elementor-post-type=\"page\">\n\t\t\t\t\t\t<section class=\"elementor-section elementor-top-section elementor-element elementor-element-2f223dda elementor-section-full_width elementor-section-height-default elementor-section-height-default\" data-id=\"2f223dda\" data-element_type=\"section\" data-e-type=\"section\">\n\t\t\t\t\t\t<div class=\"elementor-container elementor-column-gap-default\">\n\t\t\t\t\t<div class=\"elementor-column elementor-col-100 elementor-top-column elementor-element elementor-element-229ab565 animated-slow elementor-invisible\" data-id=\"229ab565\" data-element_type=\"column\" data-e-type=\"column\" data-settings=\"{&quot;animation&quot;:&quot;fadeIn&quot;}\">\n\t\t\t<div class=\"elementor-widget-wrap elementor-element-populated\">\n\t\t\t\t\t\t<div class=\"elementor-element elementor-element-1d9bf887 elementor-widget elementor-widget-yprm_heading\" data-id=\"1d9bf887\" data-element_type=\"widget\" data-e-type=\"widget\" data-widget_type=\"yprm_heading.default\">\n\t\t\t\t<div class=\"elementor-widget-container\">\n\t\t\t\t\t\t\t\t<div class=\"heading-block tac\">\n\t\t\t\t                  <h2 class=\"h\">ALINA VOSS<\/h2>\n        \t\t\t<\/div>\n              <div class=\"heading-content\">Alina Voss je digitalni albino model \u010dija jedinstvena ljepota bri\u0161e granice izme\u0111u umjetnosti, mode i tehnologije. Svojom prepoznatljivom, prirodno bijelom kosom, gotovo porculanski blijedom ko\u017eom i eteri\u010dnim izgledom, Alina utjelovljuje rijetku estetiku koja priziva duh visoke mode i naslovnica avangardnih \u010dasopisa.<br \/>\nStvorena od strane kreativne agencije CodeModels.AI, zami\u0161ljena je kao digitalni model koji slavi raznolikost i nekonvencionalnu ljepotu. Njezin izgled odra\u017eava hrabrost modne industrije da istra\u017euje nove standarde estetike \u2013 one koji nisu tradicionalno savr\u0161eni, ve\u0107 upe\u010datljivi, nezaboravni i autenti\u010dni.<br \/>\n<br \/>\nU svijetu mode, Alina predstavlja minimalisti\u010dku eleganciju i futuristi\u010dku estetiku. Njezine fotografije \u010desto isti\u010du kontrast izme\u0111u svjetla i sjene, teksture i linije, pretvaraju\u0107i svaki modni editorial u vizualnu pri\u010du.<br \/>\nIako postoji kao digitalni model, Alina posjeduje sna\u017ean karakter. Opisuju je kao tihu promatra\u010dicu svijeta koja nadahnu\u0107e pronalazi u umjetnosti, arhitekturi i avangardnom dizajnu. Zato njezin stil \u010desto balansira izme\u0111u visoke mode, konceptualnih editorijala i suvremenog luksuza.<br \/>\nAlina Voss nije samo model \u2013 ona je vizualna pri\u010da o budu\u0107nosti mode.<br \/>\n<\/div>\n      \t\t\t\t\t\t<\/div>\n\t\t\t\t<\/div>\n\t\t\t\t<div class=\"elementor-element elementor-element-31dd8819 elementor-hidden-desktop elementor-hidden-tablet elementor-hidden-mobile elementor-widget elementor-widget-yprm_button\" data-id=\"31dd8819\" data-element_type=\"widget\" data-e-type=\"widget\" data-widget_type=\"yprm_button.default\">\n\t\t\t\t<div class=\"elementor-widget-container\">\n\t\t\t\t\t\r\n\t\t<div class=\"button-container\">\r\n\t\t\t<a class=\"button-elementor button-style1\" href=\"#\" target=\"_self\">\r\n\t\t\t\t<i class=\"fab fa-instagram\"><\/i>\t\t\t\t<span>#<\/span>\r\n\t\t\t\t\t\t\t<\/a>\r\n\t\t<\/div>\r\n\r\n\t\t\t\t\t\t<\/div>\n\t\t\t\t<\/div>\n\t\t\t\t<div class=\"elementor-element elementor-element-170b48a0 elementor-widget elementor-widget-yprm_gallery\" data-id=\"170b48a0\" data-element_type=\"widget\" data-e-type=\"widget\" data-settings=\"{&quot;gallery_layout&quot;:&quot;masonry&quot;,&quot;content_hover_animation&quot;:&quot;type_3&quot;,&quot;cols_sm&quot;:1,&quot;cols_md&quot;:2,&quot;cols_lg&quot;:3}\" data-widget_type=\"yprm_gallery.default\">\n\t\t\t\t<div class=\"elementor-widget-container\">\n\t\t\t\t\t        <div data-portfolio-settings=\"{&quot;gallery_layout&quot;:&quot;masonry&quot;}\" id=\"project-slider-69e362104a8c0\" class=\"project-grid-page elementor-block gallery-block\">\n                    <div class=\"portfolio_hover_type_3 post-gallery-grid row popup-gallery gallery-type-masonry\"><div class=\"grid-sizer col-1\"><\/div>\n                <div class=\"portfolio-item popup-item col-sm-12 col-md-6 col-lg-4\">\n                    <div class=\"wrap\">\n                                                    <div class=\"a-img\" data-original=\"https:\/\/codemodels.ai\/wp-content\/uploads\/2026\/03\/1.jpg\">\n                                <img fetchpriority=\"high\" decoding=\"async\" width=\"765\" height=\"1024\" src=\"https:\/\/codemodels.ai\/wp-content\/uploads\/2026\/03\/1-765x1024.jpg\" class=\"attachment-large size-large\" alt=\"\" \/><\/div>\n                        \n                        \n                        <a href=\"#\" data-popup-json=\"{&quot;image&quot;:{&quot;url&quot;:&quot;https:\\\/\\\/codemodels.ai\\\/wp-content\\\/uploads\\\/2026\\\/03\\\/1.jpg&quot;,&quot;w&quot;:1195,&quot;h&quot;:1600},&quot;post_id&quot;:4272}\"\n                            data-id=\"0\"><\/a>\n                    <\/div>\n                <\/div>\n                \n                <div class=\"portfolio-item popup-item col-sm-12 col-md-6 col-lg-4\">\n                    <div class=\"wrap\">\n                                                    <div class=\"a-img\" data-original=\"https:\/\/codemodels.ai\/wp-content\/uploads\/2026\/03\/2.jpg\">\n                                <img decoding=\"async\" width=\"765\" height=\"1024\" src=\"https:\/\/codemodels.ai\/wp-content\/uploads\/2026\/03\/2-765x1024.jpg\" class=\"attachment-large size-large\" alt=\"\" \/><\/div>\n                        \n                        \n                        <a href=\"#\" data-popup-json=\"{&quot;image&quot;:{&quot;url&quot;:&quot;https:\\\/\\\/codemodels.ai\\\/wp-content\\\/uploads\\\/2026\\\/03\\\/2.jpg&quot;,&quot;w&quot;:1195,&quot;h&quot;:1600},&quot;post_id&quot;:4273}\"\n                            data-id=\"1\"><\/a>\n                    <\/div>\n                <\/div>\n                \n                <div class=\"portfolio-item popup-item col-sm-12 col-md-6 col-lg-4\">\n                    <div class=\"wrap\">\n                                                    <div class=\"a-img\" data-original=\"https:\/\/codemodels.ai\/wp-content\/uploads\/2026\/03\/3-e1773590157801.jpg\">\n                                <img decoding=\"async\" width=\"765\" height=\"1024\" src=\"https:\/\/codemodels.ai\/wp-content\/uploads\/2026\/03\/3-e1773590157801-765x1024.jpg\" class=\"attachment-large size-large\" alt=\"\" \/><\/div>\n                        \n                        \n                        <a href=\"#\" data-popup-json=\"{&quot;image&quot;:{&quot;url&quot;:&quot;https:\\\/\\\/codemodels.ai\\\/wp-content\\\/uploads\\\/2026\\\/03\\\/3-e1773590157801.jpg&quot;,&quot;w&quot;:1195,&quot;h&quot;:1600},&quot;post_id&quot;:4315}\"\n                            data-id=\"2\"><\/a>\n                    <\/div>\n                <\/div>\n                \n                <div class=\"portfolio-item popup-item col-sm-12 col-md-6 col-lg-4\">\n                    <div class=\"wrap\">\n                                                    <div class=\"a-img\" data-original=\"https:\/\/codemodels.ai\/wp-content\/uploads\/2026\/03\/4.jpg\">\n                                <img loading=\"lazy\" decoding=\"async\" width=\"765\" height=\"1024\" src=\"https:\/\/codemodels.ai\/wp-content\/uploads\/2026\/03\/4-765x1024.jpg\" class=\"attachment-large size-large\" alt=\"\" \/><\/div>\n                        \n                        \n                        <a href=\"#\" data-popup-json=\"{&quot;image&quot;:{&quot;url&quot;:&quot;https:\\\/\\\/codemodels.ai\\\/wp-content\\\/uploads\\\/2026\\\/03\\\/4.jpg&quot;,&quot;w&quot;:1195,&quot;h&quot;:1600},&quot;post_id&quot;:4275}\"\n                            data-id=\"3\"><\/a>\n                    <\/div>\n                <\/div>\n                \n                <div class=\"portfolio-item popup-item col-sm-12 col-md-6 col-lg-4\">\n                    <div class=\"wrap\">\n                                                    <div class=\"a-img\" data-original=\"https:\/\/codemodels.ai\/wp-content\/uploads\/2026\/03\/5.jpg\">\n                                <img loading=\"lazy\" decoding=\"async\" width=\"765\" height=\"1024\" src=\"https:\/\/codemodels.ai\/wp-content\/uploads\/2026\/03\/5-765x1024.jpg\" class=\"attachment-large size-large\" alt=\"\" \/><\/div>\n                        \n                        \n                        <a href=\"#\" data-popup-json=\"{&quot;image&quot;:{&quot;url&quot;:&quot;https:\\\/\\\/codemodels.ai\\\/wp-content\\\/uploads\\\/2026\\\/03\\\/5.jpg&quot;,&quot;w&quot;:1195,&quot;h&quot;:1600},&quot;post_id&quot;:4276}\"\n                            data-id=\"4\"><\/a>\n                    <\/div>\n                <\/div>\n                \n                <div class=\"portfolio-item popup-item col-sm-12 col-md-6 col-lg-4\">\n                    <div class=\"wrap\">\n                                                    <div class=\"a-img\" data-original=\"https:\/\/codemodels.ai\/wp-content\/uploads\/2026\/03\/6.jpg\">\n                                <img loading=\"lazy\" decoding=\"async\" width=\"765\" height=\"1024\" src=\"https:\/\/codemodels.ai\/wp-content\/uploads\/2026\/03\/6-765x1024.jpg\" class=\"attachment-large size-large\" alt=\"\" \/><\/div>\n                        \n                        \n                        <a href=\"#\" data-popup-json=\"{&quot;image&quot;:{&quot;url&quot;:&quot;https:\\\/\\\/codemodels.ai\\\/wp-content\\\/uploads\\\/2026\\\/03\\\/6.jpg&quot;,&quot;w&quot;:1195,&quot;h&quot;:1600},&quot;post_id&quot;:4277}\"\n                            data-id=\"5\"><\/a>\n                    <\/div>\n                <\/div>\n                \n                <div class=\"portfolio-item popup-item col-sm-12 col-md-6 col-lg-4\">\n                    <div class=\"wrap\">\n                                                    <div class=\"a-img\" data-original=\"https:\/\/codemodels.ai\/wp-content\/uploads\/2026\/03\/7-1.jpg\">\n                                <img loading=\"lazy\" decoding=\"async\" width=\"765\" height=\"1024\" src=\"https:\/\/codemodels.ai\/wp-content\/uploads\/2026\/03\/7-1-765x1024.jpg\" class=\"attachment-large size-large\" alt=\"\" \/><\/div>\n                        \n                        \n                        <a href=\"#\" data-popup-json=\"{&quot;image&quot;:{&quot;url&quot;:&quot;https:\\\/\\\/codemodels.ai\\\/wp-content\\\/uploads\\\/2026\\\/03\\\/7-1.jpg&quot;,&quot;w&quot;:1195,&quot;h&quot;:1600},&quot;post_id&quot;:4278}\"\n                            data-id=\"6\"><\/a>\n                    <\/div>\n                <\/div>\n                \n                <div class=\"portfolio-item popup-item col-sm-12 col-md-6 col-lg-4\">\n                    <div class=\"wrap\">\n                                                    <div class=\"a-img\" data-original=\"https:\/\/codemodels.ai\/wp-content\/uploads\/2026\/03\/8.jpg\">\n                                <img loading=\"lazy\" decoding=\"async\" width=\"765\" height=\"1024\" src=\"https:\/\/codemodels.ai\/wp-content\/uploads\/2026\/03\/8-765x1024.jpg\" class=\"attachment-large size-large\" alt=\"\" \/><\/div>\n                        \n                        \n                        <a href=\"#\" data-popup-json=\"{&quot;image&quot;:{&quot;url&quot;:&quot;https:\\\/\\\/codemodels.ai\\\/wp-content\\\/uploads\\\/2026\\\/03\\\/8.jpg&quot;,&quot;w&quot;:1195,&quot;h&quot;:1600},&quot;post_id&quot;:4279}\"\n                            data-id=\"7\"><\/a>\n                    <\/div>\n                <\/div>\n                \n                <div class=\"portfolio-item popup-item col-sm-12 col-md-6 col-lg-4\">\n                    <div class=\"wrap\">\n                                                    <div class=\"a-img\" data-original=\"https:\/\/codemodels.ai\/wp-content\/uploads\/2026\/03\/9.jpg\">\n                                <img loading=\"lazy\" decoding=\"async\" width=\"765\" height=\"1024\" src=\"https:\/\/codemodels.ai\/wp-content\/uploads\/2026\/03\/9-765x1024.jpg\" class=\"attachment-large size-large\" alt=\"\" \/><\/div>\n                        \n                        \n                        <a href=\"#\" data-popup-json=\"{&quot;image&quot;:{&quot;url&quot;:&quot;https:\\\/\\\/codemodels.ai\\\/wp-content\\\/uploads\\\/2026\\\/03\\\/9.jpg&quot;,&quot;w&quot;:1195,&quot;h&quot;:1600},&quot;post_id&quot;:4280}\"\n                            data-id=\"8\"><\/a>\n                    <\/div>\n                <\/div>\n                \n                <div class=\"portfolio-item popup-item col-sm-12 col-md-6 col-lg-4\">\n                    <div class=\"wrap\">\n                                                    <div class=\"a-img\" data-original=\"https:\/\/codemodels.ai\/wp-content\/uploads\/2026\/03\/10.jpg\">\n                                <img loading=\"lazy\" decoding=\"async\" width=\"765\" height=\"1024\" src=\"https:\/\/codemodels.ai\/wp-content\/uploads\/2026\/03\/10-765x1024.jpg\" class=\"attachment-large size-large\" alt=\"\" \/><\/div>\n                        \n                        \n                        <a href=\"#\" data-popup-json=\"{&quot;image&quot;:{&quot;url&quot;:&quot;https:\\\/\\\/codemodels.ai\\\/wp-content\\\/uploads\\\/2026\\\/03\\\/10.jpg&quot;,&quot;w&quot;:1195,&quot;h&quot;:1600},&quot;post_id&quot;:4281}\"\n                            data-id=\"9\"><\/a>\n                    <\/div>\n                <\/div>\n                \n                <div class=\"portfolio-item popup-item col-sm-12 col-md-6 col-lg-4\">\n                    <div class=\"wrap\">\n                                                    <div class=\"a-img\" data-original=\"https:\/\/codemodels.ai\/wp-content\/uploads\/2026\/03\/11-1.jpg\">\n                                <img loading=\"lazy\" decoding=\"async\" width=\"765\" height=\"1024\" src=\"https:\/\/codemodels.ai\/wp-content\/uploads\/2026\/03\/11-1-765x1024.jpg\" class=\"attachment-large size-large\" alt=\"\" \/><\/div>\n                        \n                        \n                        <a href=\"#\" data-popup-json=\"{&quot;image&quot;:{&quot;url&quot;:&quot;https:\\\/\\\/codemodels.ai\\\/wp-content\\\/uploads\\\/2026\\\/03\\\/11-1.jpg&quot;,&quot;w&quot;:1195,&quot;h&quot;:1600},&quot;post_id&quot;:4282}\"\n                            data-id=\"10\"><\/a>\n                    <\/div>\n                <\/div>\n                \n                <div class=\"portfolio-item popup-item col-sm-12 col-md-6 col-lg-4\">\n                    <div class=\"wrap\">\n                                                    <div class=\"a-img\" data-original=\"https:\/\/codemodels.ai\/wp-content\/uploads\/2026\/03\/12.jpg\">\n                                <img loading=\"lazy\" decoding=\"async\" width=\"765\" height=\"1024\" src=\"https:\/\/codemodels.ai\/wp-content\/uploads\/2026\/03\/12-765x1024.jpg\" class=\"attachment-large size-large\" alt=\"\" \/><\/div>\n                        \n                        \n                        <a href=\"#\" data-popup-json=\"{&quot;image&quot;:{&quot;url&quot;:&quot;https:\\\/\\\/codemodels.ai\\\/wp-content\\\/uploads\\\/2026\\\/03\\\/12.jpg&quot;,&quot;w&quot;:1195,&quot;h&quot;:1600},&quot;post_id&quot;:4283}\"\n                            data-id=\"11\"><\/a>\n                    <\/div>\n                <\/div>\n                \n            <\/div>                        <\/div>\n        \t\t\t\t<\/div>\n\t\t\t\t<\/div>\n\t\t\t\t\t<\/div>\n\t\t<\/div>\n\t\t\t\t\t<\/div>\n\t\t<\/section>\n\t\t\t\t<section class=\"elementor-section elementor-top-section elementor-element elementor-element-18761b4 elementor-section-boxed elementor-section-height-default elementor-section-height-default\" data-id=\"18761b4\" data-element_type=\"section\" data-e-type=\"section\">\n\t\t\t\t\t\t<div class=\"elementor-container elementor-column-gap-default\">\n\t\t\t\t\t<div class=\"elementor-column elementor-col-100 elementor-top-column elementor-element elementor-element-61e3faf animated-slow elementor-invisible\" data-id=\"61e3faf\" data-element_type=\"column\" data-e-type=\"column\" data-settings=\"{&quot;animation&quot;:&quot;fadeIn&quot;}\">\n\t\t\t<div class=\"elementor-widget-wrap elementor-element-populated\">\n\t\t\t\t\t\t<div class=\"elementor-element elementor-element-81d43c9 elementor-widget elementor-widget-yprm_heading\" data-id=\"81d43c9\" data-element_type=\"widget\" data-e-type=\"widget\" data-widget_type=\"yprm_heading.default\">\n\t\t\t\t<div class=\"elementor-widget-container\">\n\t\t\t\t\t\t\t\t<div class=\"heading-block tac\">\n\t\t\t\t                  <h3 class=\"h\">Anga\u017eiraj Alinu sada<\/h3>\n        \t\t\t<\/div>\n      \t\t\t\t\t\t<\/div>\n\t\t\t\t<\/div>\n\t\t\t\t<div class=\"elementor-element elementor-element-3d8d35c elementor-widget elementor-widget-shortcode\" data-id=\"3d8d35c\" data-element_type=\"widget\" data-e-type=\"widget\" data-widget_type=\"shortcode.default\">\n\t\t\t\t\t\t\t<div class=\"elementor-shortcode\">\n<div class=\"wpcf7 no-js\" id=\"wpcf7-f4477-o1\" lang=\"hr\" dir=\"ltr\" data-wpcf7-id=\"4477\">\n<div class=\"screen-reader-response\"><p role=\"status\" aria-live=\"polite\" aria-atomic=\"true\"><\/p> <ul><\/ul><\/div>\n<form action=\"\/hr\/wp-json\/wp\/v2\/pages\/4714#wpcf7-f4477-o1\" method=\"post\" class=\"wpcf7-form init\" aria-label=\"Kontakt obrazac\" novalidate=\"novalidate\" data-status=\"init\">\n<fieldset class=\"hidden-fields-container\"><input type=\"hidden\" name=\"_wpcf7\" value=\"4477\" \/><input type=\"hidden\" name=\"_wpcf7_version\" value=\"6.1.5\" \/><input type=\"hidden\" name=\"_wpcf7_locale\" value=\"hr\" \/><input type=\"hidden\" name=\"_wpcf7_unit_tag\" value=\"wpcf7-f4477-o1\" \/><input type=\"hidden\" name=\"_wpcf7_container_post\" value=\"0\" \/><input type=\"hidden\" name=\"_wpcf7_posted_data_hash\" value=\"\" \/>\n<\/fieldset>\n<div class=\"contact-form row\">\n  <div class=\"col-12 col-sm-6\"><span class=\"wpcf7-form-control-wrap\" data-name=\"f-name\"><input size=\"40\" maxlength=\"400\" class=\"wpcf7-form-control wpcf7-text wpcf7-validates-as-required style4\" aria-required=\"true\" aria-invalid=\"false\" placeholder=\"Unesite svoje ime...\" value=\"\" type=\"text\" name=\"f-name\" \/><\/span><\/div>\n  <div class=\"col-12 col-sm-6\"><span class=\"wpcf7-form-control-wrap\" data-name=\"f-mail\"><input size=\"40\" maxlength=\"400\" class=\"wpcf7-form-control wpcf7-email wpcf7-validates-as-required wpcf7-text wpcf7-validates-as-email style4\" aria-required=\"true\" aria-invalid=\"false\" placeholder=\"Unesite svoju e-po\u0161tu...\" value=\"\" type=\"email\" name=\"f-mail\" \/><\/span><\/div>\n  <div class=\"col-12\"><span class=\"wpcf7-form-control-wrap\" data-name=\"f-message\"><textarea cols=\"40\" rows=\"4\" maxlength=\"2000\" class=\"wpcf7-form-control wpcf7-textarea style4\" aria-invalid=\"false\" placeholder=\"Unesite svoj komentar...\" name=\"f-message\"><\/textarea><\/span><\/div>\n  <div class=\"col-12\"><button type=\"submit\" class=\"button-style2\">po\u0161aljite sada<\/button><\/div>\n<\/div><div class=\"wpcf7-response-output\" aria-hidden=\"true\"><\/div>\n<\/form>\n<\/div>\n<\/div>\n\t\t\t\t\t\t<\/div>\n\t\t\t\t\t<\/div>\n\t\t<\/div>\n\t\t\t\t\t<\/div>\n\t\t<\/section>\n\t\t\t\t<\/div>\n\t\t","protected":false},"excerpt":{"rendered":"<p>ALINA VOSS Alina Voss je digitalni albino model \u010dija jedinstvena ljepota bri\u0161e granice izme\u0111u umjetnosti, mode i tehnologije. Svojom prepoznatljivom, prirodno bijelom kosom, gotovo porculanski blijedom ko\u017eom i eteri\u010dnim izgledom, Alina utjelovljuje rijetku estetiku koja priziva duh visoke mode i naslovnica avangardnih \u010dasopisa. Stvorena od strane kreativne agencije CodeModels.AI, zami\u0161ljena je kao digitalni model koji [&hellip;]<\/p>\n","protected":false},"author":1,"featured_media":0,"parent":0,"menu_order":0,"comment_status":"closed","ping_status":"closed","template":"","meta":{"_acf_changed":false,"footnotes":""},"class_list":["post-4714","page","type-page","status-publish","hentry"],"acf":[],"_links":{"self":[{"href":"https:\/\/codemodels.ai\/hr\/wp-json\/wp\/v2\/pages\/4714","targetHints":{"allow":["GET"]}}],"collection":[{"href":"https:\/\/codemodels.ai\/hr\/wp-json\/wp\/v2\/pages"}],"about":[{"href":"https:\/\/codemodels.ai\/hr\/wp-json\/wp\/v2\/types\/page"}],"author":[{"embeddable":true,"href":"https:\/\/codemodels.ai\/hr\/wp-json\/wp\/v2\/users\/1"}],"replies":[{"embeddable":true,"href":"https:\/\/codemodels.ai\/hr\/wp-json\/wp\/v2\/comments?post=4714"}],"version-history":[{"count":4,"href":"https:\/\/codemodels.ai\/hr\/wp-json\/wp\/v2\/pages\/4714\/revisions"}],"predecessor-version":[{"id":4787,"href":"https:\/\/codemodels.ai\/hr\/wp-json\/wp\/v2\/pages\/4714\/revisions\/4787"}],"wp:attachment":[{"href":"https:\/\/codemodels.ai\/hr\/wp-json\/wp\/v2\/media?parent=4714"}],"curies":[{"name":"wp","href":"https:\/\/api.w.org\/{rel}","templated":true}]}}