{"id":4712,"date":"2021-06-10T14:14:28","date_gmt":"2021-06-10T12:14:28","guid":{"rendered":"https:\/\/codemodels.ai\/o-nama\/"},"modified":"2026-04-11T18:17:56","modified_gmt":"2026-04-11T16:17:56","slug":"o-nama","status":"publish","type":"page","link":"https:\/\/codemodels.ai\/hr\/o-nama\/","title":{"rendered":"O nama"},"content":{"rendered":"\t\t<div data-elementor-type=\"wp-page\" data-elementor-id=\"4712\" class=\"elementor elementor-4712 elementor-2341\" data-elementor-post-type=\"page\">\n\t\t\t\t\t\t<section class=\"elementor-section elementor-top-section elementor-element elementor-element-2edb5abe elementor-section-boxed elementor-section-height-default elementor-section-height-default\" data-id=\"2edb5abe\" data-element_type=\"section\" data-e-type=\"section\">\n\t\t\t\t\t\t<div class=\"elementor-container elementor-column-gap-default\">\n\t\t\t\t\t<div class=\"elementor-column elementor-col-50 elementor-top-column elementor-element elementor-element-4ffb4c94 elementor-hidden-mobile elementor-invisible\" data-id=\"4ffb4c94\" data-element_type=\"column\" data-e-type=\"column\" data-settings=\"{&quot;background_background&quot;:&quot;classic&quot;,&quot;animation&quot;:&quot;fadeInLeft&quot;}\">\n\t\t\t<div class=\"elementor-widget-wrap elementor-element-populated\">\n\t\t\t\t\t\t<div class=\"elementor-element elementor-element-5693df82 elementor-widget elementor-widget-spacer\" data-id=\"5693df82\" data-element_type=\"widget\" data-e-type=\"widget\" data-widget_type=\"spacer.default\">\n\t\t\t\t\t\t\t<div class=\"elementor-spacer\">\n\t\t\t<div class=\"elementor-spacer-inner\"><\/div>\n\t\t<\/div>\n\t\t\t\t\t\t<\/div>\n\t\t\t\t\t<\/div>\n\t\t<\/div>\n\t\t\t\t<div class=\"elementor-column elementor-col-50 elementor-top-column elementor-element elementor-element-1dff58cc animated-slow elementor-invisible\" data-id=\"1dff58cc\" data-element_type=\"column\" data-e-type=\"column\" data-settings=\"{&quot;background_background&quot;:&quot;classic&quot;,&quot;animation&quot;:&quot;fadeInRight&quot;,&quot;animation_mobile&quot;:&quot;fadeIn&quot;}\">\n\t\t\t<div class=\"elementor-widget-wrap elementor-element-populated\">\n\t\t\t\t\t\t<div class=\"elementor-element elementor-element-737ed5b5 elementor-widget elementor-widget-yprm_heading\" data-id=\"737ed5b5\" data-element_type=\"widget\" data-e-type=\"widget\" data-widget_type=\"yprm_heading.default\">\n\t\t\t\t<div class=\"elementor-widget-container\">\n\t\t\t\t\t\t\t\t<div class=\"heading-block with-line tal\">\n\t\t\t\t                  <h3 class=\"h\">Kreiramo digitalna lica<br \/>\n<span>sa smislom.<\/span><\/h3>\n        \t\t\t<\/div>\n      \t\t\t\t\t\t<\/div>\n\t\t\t\t<\/div>\n\t\t\t\t<div class=\"elementor-element elementor-element-7542b32b elementor-widget elementor-widget-text-editor\" data-id=\"7542b32b\" data-element_type=\"widget\" data-e-type=\"widget\" data-widget_type=\"text-editor.default\">\n\t\t\t\t\t\t\t\t\t<p><span style=\"font-size: 18px;\">Ideje pretvaramo u virtualne osobnosti koje publika pamti.<\/span><\/p><p><span style=\"font-size: 14px;\">U Code Modelsu se kreativnost i in\u017eenjerstvo spajaju kako bi dizajnirali virtualne talente s prepoznatljivim glasovima, stilovima i narativima. Svaki model je izgra\u0111en s odre\u0111enom svrhom \u2013 uskla\u0111ivanje s brandom, ciljevi kampanje i utjecaj na zajednicu \u2013 a zatim se dora\u0111uje kroz AI radne procese za vizuale, pokret i sadr\u017eaj. Na\u0161 proces spaja umjetni\u010dku re\u017eiju s podacima, tako da svaki lik nije samo privla\u010dan, ve\u0107 i mjerljiv i u\u010dinkovit na dru\u0161tvenim mre\u017eama, webu i u trgovini.  <\/span><\/p>\t\t\t\t\t\t\t\t<\/div>\n\t\t\t\t\t<\/div>\n\t\t<\/div>\n\t\t\t\t\t<\/div>\n\t\t<\/section>\n\t\t\t\t<section class=\"elementor-section elementor-top-section elementor-element elementor-element-3cc14e17 animated-slow elementor-section-boxed elementor-section-height-default elementor-section-height-default elementor-invisible\" data-id=\"3cc14e17\" data-element_type=\"section\" data-e-type=\"section\" data-settings=\"{&quot;animation&quot;:&quot;fadeIn&quot;}\">\n\t\t\t\t\t\t<div class=\"elementor-container elementor-column-gap-default\">\n\t\t\t\t\t<div class=\"elementor-column elementor-col-100 elementor-top-column elementor-element elementor-element-530673b animated-slow elementor-invisible\" data-id=\"530673b\" data-element_type=\"column\" data-e-type=\"column\" data-settings=\"{&quot;animation&quot;:&quot;fadeIn&quot;}\">\n\t\t\t<div class=\"elementor-widget-wrap elementor-element-populated\">\n\t\t\t\t\t\t<div class=\"elementor-element elementor-element-371eb0db elementor-widget elementor-widget-yprm_heading\" data-id=\"371eb0db\" data-element_type=\"widget\" data-e-type=\"widget\" data-widget_type=\"yprm_heading.default\">\n\t\t\t\t<div class=\"elementor-widget-container\">\n\t\t\t\t\t\t\t\t<div class=\"heading-block with-line tac\">\n\t\t\t\t                  <h3 class=\"h\">Za\u0161to brendovi sura\u0111uju s nama?<\/h3>\n        \t\t\t<\/div>\n      \t\t\t\t\t\t<\/div>\n\t\t\t\t<\/div>\n\t\t\t\t<div class=\"elementor-element elementor-element-143e69ce elementor-widget elementor-widget-yprm_icon_box\" data-id=\"143e69ce\" data-element_type=\"widget\" data-e-type=\"widget\" data-settings=\"{&quot;cols_xs&quot;:1,&quot;cols_sm&quot;:2,&quot;cols_md&quot;:3}\" data-widget_type=\"yprm_icon_box.default\">\n\t\t\t\t<div class=\"elementor-widget-container\">\n\t\t\t\t\t\t\t\t<div class=\"icon-box-block icon-box-style2\">\r\n\t\t\t\t<div class=\"row\">\r\n\t\t\t\t\t\t\t\t<div class=\"col-12 col-sm-6 col-md-4\">\r\n\t\t\t\t<div class=\"icon-box\">\r\n\t\t\t\t\t\t\t\t<div class=\"icon\">\r\n\t\t\t\t<i class=\"fas fa-check fa-solid\" aria-hidden=\"true\"><\/i>\t\t\t<\/div>\r\n\t\t                      \t\t\t<h5 class=\"title\">Dosljedan vizualni identitet<\/h5>\r\n\t\t            \t\t\t<div class=\"desc\">AI sustavi osiguravaju da svaki model zadr\u017ei dosljednost kroz poze, scene i kampanje.<\/div>\r\n\t\t                    \t\t\t\t<\/div>\r\n\t\t\t<\/div>\r\n\t\t\t\t\t<div class=\"col-12 col-sm-6 col-md-4\">\r\n\t\t\t\t<div class=\"icon-box\">\r\n\t\t\t\t\t\t\t\t<div class=\"icon\">\r\n\t\t\t\t<i class=\"fas fa-id-card-alt fa-solid\" aria-hidden=\"true true\"><\/i>\t\t\t<\/div>\r\n\t\t                      \t\t\t<h5 class=\"title\">Dizajn koji po\u010dinje s karakterom<\/h5>\r\n\t\t            \t\t\t<div class=\"desc\">Svijet bez fotografije bio bi besmislen za nas \u2013 ako u njemu nema svjetla.<\/div>\r\n\t\t                    \t\t\t\t<\/div>\r\n\t\t\t<\/div>\r\n\t\t\t\t\t<div class=\"col-12 col-sm-6 col-md-4\">\r\n\t\t\t\t<div class=\"icon-box\">\r\n\t\t\t\t\t\t\t\t<div class=\"icon\">\r\n\t\t\t\t<i class=\"fas fa-bolt fa-solid\" aria-hidden=\"true true true\"><\/i>\t\t\t<\/div>\r\n\t\t                      \t\t\t<h5 class=\"title\">Brza realizacija kampanja<\/h5>\r\n\t\t            \t\t\t<div class=\"desc\">Od ideje do objave u satima \u2013 ne tjednima.<\/div>\r\n\t\t                    \t\t\t\t<\/div>\r\n\t\t\t<\/div>\r\n\t\t\t\t\t<div class=\"col-12 col-sm-6 col-md-4\">\r\n\t\t\t\t<div class=\"icon-box\">\r\n\t\t\t\t\t\t\t\t<div class=\"icon\">\r\n\t\t\t\t<i class=\"photo photo-icon-camera-synchronation photo\" aria-hidden=\"true true true true\"><\/i>\t\t\t<\/div>\r\n\t\t                      \t\t\t<h5 class=\"title\">Kreativno usmjeravanje vo\u0111eno podacima<\/h5>\r\n\t\t            \t\t\t<div class=\"desc\">Testiramo palete boja, osvjetljenje i kompozicije pomo\u0107u analitike koja vodi kreativne odluke.<\/div>\r\n\t\t                    \t\t\t\t<\/div>\r\n\t\t\t<\/div>\r\n\t\t\t\t\t<div class=\"col-12 col-sm-6 col-md-4\">\r\n\t\t\t\t<div class=\"icon-box\">\r\n\t\t\t\t\t\t\t\t<div class=\"icon\">\r\n\t\t\t\t<i class=\"fas fa-language fa-solid\" aria-hidden=\"true true true true true\"><\/i>\t\t\t<\/div>\r\n\t\t                      \t\t\t<h5 class=\"title\">Sadr\u017eaj na vi\u0161e jezika<\/h5>\r\n\t\t            \t\t\t<div class=\"desc\">Modeli i poruke uskla\u0111eni s lokalnim izrazima i identitetom brenda.<\/div>\r\n\t\t                    \t\t\t\t<\/div>\r\n\t\t\t<\/div>\r\n\t\t\t\t\t<div class=\"col-12 col-sm-6 col-md-4\">\r\n\t\t\t\t<div class=\"icon-box\">\r\n\t\t\t\t\t\t\t\t<div class=\"icon\">\r\n\t\t\t\t<i class=\"fas fa-shield-alt fa-solid\" aria-hidden=\"true true true true true true\"><\/i>\t\t\t<\/div>\r\n\t\t                      \t\t\t<h5 class=\"title\">Za\u0161tita prava i brenda<\/h5>\r\n\t\t            \t\t\t<div class=\"desc\">Jasno definirana prava kori\u0161tenja i kontrole koje sprje\u010davaju ne\u017eeljene rezultate.<\/div>\r\n\t\t                    \t\t\t\t<\/div>\r\n\t\t\t<\/div>\r\n\t\t\t\t\t\t<\/div>\r\n\t\t\t<\/div>\r\n\t\t\t\t\t\t<\/div>\n\t\t\t\t<\/div>\n\t\t\t\t\t<\/div>\n\t\t<\/div>\n\t\t\t\t\t<\/div>\n\t\t<\/section>\n\t\t\t\t<section class=\"elementor-section elementor-top-section elementor-element elementor-element-441f750 elementor-section-boxed elementor-section-height-default elementor-section-height-default\" data-id=\"441f750\" data-element_type=\"section\" data-e-type=\"section\">\n\t\t\t\t\t\t<div class=\"elementor-container elementor-column-gap-default\">\n\t\t\t\t\t<div class=\"elementor-column elementor-col-100 elementor-top-column elementor-element elementor-element-1fc0f73 animated-slow elementor-invisible\" data-id=\"1fc0f73\" data-element_type=\"column\" data-e-type=\"column\" data-settings=\"{&quot;animation&quot;:&quot;fadeIn&quot;}\">\n\t\t\t<div class=\"elementor-widget-wrap elementor-element-populated\">\n\t\t\t\t\t\t<div class=\"elementor-element elementor-element-47a0f4a elementor-widget elementor-widget-yprm_heading\" data-id=\"47a0f4a\" data-element_type=\"widget\" data-e-type=\"widget\" data-widget_type=\"yprm_heading.default\">\n\t\t\t\t<div class=\"elementor-widget-container\">\n\t\t\t\t\t\t\t\t<div class=\"heading-block tac\">\n\t\t\t\t                  <h3 class=\"h\">Po\u0161aljite nam poruku<\/h3>\n        \t\t\t<\/div>\n      \t\t\t\t\t\t<\/div>\n\t\t\t\t<\/div>\n\t\t\t\t<div class=\"elementor-element elementor-element-a90d76f elementor-widget elementor-widget-shortcode\" data-id=\"a90d76f\" data-element_type=\"widget\" data-e-type=\"widget\" data-widget_type=\"shortcode.default\">\n\t\t\t\t\t\t\t<div class=\"elementor-shortcode\">\n<div class=\"wpcf7 no-js\" id=\"wpcf7-f4477-o1\" lang=\"hr\" dir=\"ltr\" data-wpcf7-id=\"4477\">\n<div class=\"screen-reader-response\"><p role=\"status\" aria-live=\"polite\" aria-atomic=\"true\"><\/p> <ul><\/ul><\/div>\n<form action=\"\/hr\/wp-json\/wp\/v2\/pages\/4712#wpcf7-f4477-o1\" method=\"post\" class=\"wpcf7-form init\" aria-label=\"Kontakt obrazac\" novalidate=\"novalidate\" data-status=\"init\">\n<fieldset class=\"hidden-fields-container\"><input type=\"hidden\" name=\"_wpcf7\" value=\"4477\" \/><input type=\"hidden\" name=\"_wpcf7_version\" value=\"6.1.5\" \/><input type=\"hidden\" name=\"_wpcf7_locale\" value=\"hr\" \/><input type=\"hidden\" name=\"_wpcf7_unit_tag\" value=\"wpcf7-f4477-o1\" \/><input type=\"hidden\" name=\"_wpcf7_container_post\" value=\"0\" \/><input type=\"hidden\" name=\"_wpcf7_posted_data_hash\" value=\"\" \/>\n<\/fieldset>\n<div class=\"contact-form row\">\n  <div class=\"col-12 col-sm-6\"><span class=\"wpcf7-form-control-wrap\" data-name=\"f-name\"><input size=\"40\" maxlength=\"400\" class=\"wpcf7-form-control wpcf7-text wpcf7-validates-as-required style4\" aria-required=\"true\" aria-invalid=\"false\" placeholder=\"Unesite svoje ime...\" value=\"\" type=\"text\" name=\"f-name\" \/><\/span><\/div>\n  <div class=\"col-12 col-sm-6\"><span class=\"wpcf7-form-control-wrap\" data-name=\"f-mail\"><input size=\"40\" maxlength=\"400\" class=\"wpcf7-form-control wpcf7-email wpcf7-validates-as-required wpcf7-text wpcf7-validates-as-email style4\" aria-required=\"true\" aria-invalid=\"false\" placeholder=\"Unesite svoju e-po\u0161tu...\" value=\"\" type=\"email\" name=\"f-mail\" \/><\/span><\/div>\n  <div class=\"col-12\"><span class=\"wpcf7-form-control-wrap\" data-name=\"f-message\"><textarea cols=\"40\" rows=\"4\" maxlength=\"2000\" class=\"wpcf7-form-control wpcf7-textarea style4\" aria-invalid=\"false\" placeholder=\"Unesite svoj komentar...\" name=\"f-message\"><\/textarea><\/span><\/div>\n  <div class=\"col-12\"><button type=\"submit\" class=\"button-style2\">po\u0161aljite sada<\/button><\/div>\n<\/div><div class=\"wpcf7-response-output\" aria-hidden=\"true\"><\/div>\n<\/form>\n<\/div>\n<\/div>\n\t\t\t\t\t\t<\/div>\n\t\t\t\t\t<\/div>\n\t\t<\/div>\n\t\t\t\t\t<\/div>\n\t\t<\/section>\n\t\t\t\t<\/div>\n\t\t","protected":false},"excerpt":{"rendered":"<p>Kreiramo digitalna lica sa smislom. Ideje pretvaramo u virtualne osobnosti koje publika pamti. U Code Modelsu se kreativnost i in\u017eenjerstvo spajaju kako bi dizajnirali virtualne talente s prepoznatljivim glasovima, stilovima i narativima. Svaki model je izgra\u0111en s odre\u0111enom svrhom \u2013 uskla\u0111ivanje s brandom, ciljevi kampanje i utjecaj na zajednicu \u2013 a zatim se dora\u0111uje kroz [&hellip;]<\/p>\n","protected":false},"author":1,"featured_media":0,"parent":0,"menu_order":0,"comment_status":"closed","ping_status":"closed","template":"","meta":{"_acf_changed":false,"footnotes":""},"class_list":["post-4712","page","type-page","status-publish","hentry"],"acf":[],"_links":{"self":[{"href":"https:\/\/codemodels.ai\/hr\/wp-json\/wp\/v2\/pages\/4712","targetHints":{"allow":["GET"]}}],"collection":[{"href":"https:\/\/codemodels.ai\/hr\/wp-json\/wp\/v2\/pages"}],"about":[{"href":"https:\/\/codemodels.ai\/hr\/wp-json\/wp\/v2\/types\/page"}],"author":[{"embeddable":true,"href":"https:\/\/codemodels.ai\/hr\/wp-json\/wp\/v2\/users\/1"}],"replies":[{"embeddable":true,"href":"https:\/\/codemodels.ai\/hr\/wp-json\/wp\/v2\/comments?post=4712"}],"version-history":[{"count":4,"href":"https:\/\/codemodels.ai\/hr\/wp-json\/wp\/v2\/pages\/4712\/revisions"}],"predecessor-version":[{"id":4799,"href":"https:\/\/codemodels.ai\/hr\/wp-json\/wp\/v2\/pages\/4712\/revisions\/4799"}],"wp:attachment":[{"href":"https:\/\/codemodels.ai\/hr\/wp-json\/wp\/v2\/media?parent=4712"}],"curies":[{"name":"wp","href":"https:\/\/api.w.org\/{rel}","templated":true}]}}